{"id":2,"date":"2023-11-03T04:48:48","date_gmt":"2023-11-03T03:48:48","guid":{"rendered":"https:\/\/steelblue-dotterel-416190.hostingersite.com\/?page_id=2"},"modified":"2025-10-11T19:38:37","modified_gmt":"2025-10-11T17:38:37","slug":"pagina-ejemplo","status":"publish","type":"page","link":"http:\/\/espacioruta.com\/","title":{"rendered":"INICIO"},"content":{"rendered":"\t\t<div data-elementor-type=\"wp-page\" data-elementor-id=\"2\" class=\"elementor elementor-2\" data-elementor-post-type=\"page\">\n\t\t\t\t<div class=\"elementor-element elementor-element-779a45d e-con-full e-flex e-con e-parent\" data-id=\"779a45d\" data-element_type=\"container\">\n\t\t\t\t<div class=\"elementor-element elementor-element-978f564 animated-fast elementor--h-position-center elementor--v-position-middle elementor-arrows-position-inside elementor-pagination-position-inside elementor-invisible elementor-widget elementor-widget-slides\" data-id=\"978f564\" data-element_type=\"widget\" data-settings=\"{&quot;_animation&quot;:&quot;fadeInRight&quot;,&quot;transition&quot;:&quot;fade&quot;,&quot;navigation&quot;:&quot;both&quot;,&quot;autoplay&quot;:&quot;yes&quot;,&quot;pause_on_hover&quot;:&quot;yes&quot;,&quot;pause_on_interaction&quot;:&quot;yes&quot;,&quot;autoplay_speed&quot;:5000,&quot;infinite&quot;:&quot;yes&quot;,&quot;transition_speed&quot;:500}\" data-widget_type=\"slides.default\">\n\t\t\t\t<div class=\"elementor-widget-container\">\n\t\t\t\t\t\t\t\t\t<div class=\"elementor-swiper\">\n\t\t\t\t\t<div class=\"elementor-slides-wrapper elementor-main-swiper swiper\" role=\"region\" aria-roledescription=\"carousel\" aria-label=\"Slides\" dir=\"ltr\" data-animation=\"fadeInRight\">\n\t\t\t\t<div class=\"swiper-wrapper elementor-slides\">\n\t\t\t\t\t\t\t\t\t\t<div class=\"elementor-repeater-item-58f873d swiper-slide\" role=\"group\" aria-roledescription=\"slide\"><div class=\"swiper-slide-bg elementor-ken-burns elementor-ken-burns--out\" role=\"img\"><\/div><div class=\"swiper-slide-inner\" ><div class=\"swiper-slide-contents\"><div class=\"elementor-slide-heading\">Movilidad que genera valor<\/div><div class=\"elementor-slide-description\">Administraci\u00f3n eficiente y segura de coches y flotas.<\/div><\/div><\/div><\/div><div class=\"elementor-repeater-item-0e6c6b5 swiper-slide\" role=\"group\" aria-roledescription=\"slide\"><div class=\"swiper-slide-bg elementor-ken-burns elementor-ken-burns--in\" role=\"img\"><\/div><div class=\"swiper-slide-inner\" ><div class=\"swiper-slide-contents\"><div class=\"elementor-slide-heading\">Rentabilidad sin complicaciones<\/div><div class=\"elementor-slide-description\">Gesti\u00f3n profesional y transparente de coches y flotas.<\/div><\/div><\/div><\/div><div class=\"elementor-repeater-item-3dd824a swiper-slide\" role=\"group\" aria-roledescription=\"slide\"><div class=\"swiper-slide-bg elementor-ken-burns elementor-ken-burns--out\" role=\"img\"><\/div><div class=\"swiper-slide-inner\" ><div class=\"swiper-slide-contents\"><div class=\"elementor-slide-heading\">Confianza y rentabilidad en movimiento<\/div><div class=\"elementor-slide-description\">Soluciones integrales de movilidad y gesti\u00f3n profesional.<\/div><\/div><\/div><\/div><div class=\"elementor-repeater-item-7d0fc75 swiper-slide\" role=\"group\" aria-roledescription=\"slide\"><div class=\"swiper-slide-bg elementor-ken-burns elementor-ken-burns--out\" role=\"img\"><\/div><div class=\"swiper-slide-inner\" ><div class=\"swiper-slide-contents\"><div class=\"elementor-slide-heading\">Viaja, disfruta, repite<\/div><div class=\"elementor-slide-description\">Nosotros gestionamos el coche, t\u00fa vives la experiencia.<\/div><\/div><\/div><\/div>\t\t\t\t<\/div>\n\t\t\t\t\t\t\t\t\t\t\t\t\t\t\t<div class=\"elementor-swiper-button elementor-swiper-button-prev\" role=\"button\" tabindex=\"0\" aria-label=\"Previous slide\">\n\t\t\t\t\t\t\t<svg aria-hidden=\"true\" class=\"e-font-icon-svg e-eicon-chevron-left\" viewBox=\"0 0 1000 1000\" xmlns=\"http:\/\/www.w3.org\/2000\/svg\"><path d=\"M646 125C629 125 613 133 604 142L308 442C296 454 292 471 292 487 292 504 296 521 308 533L604 854C617 867 629 875 646 875 663 875 679 871 692 858 704 846 713 829 713 812 713 796 708 779 692 767L438 487 692 225C700 217 708 204 708 187 708 171 704 154 692 142 675 129 663 125 646 125Z\"><\/path><\/svg>\t\t\t\t\t\t<\/div>\n\t\t\t\t\t\t<div class=\"elementor-swiper-button elementor-swiper-button-next\" role=\"button\" tabindex=\"0\" aria-label=\"Next slide\">\n\t\t\t\t\t\t\t<svg aria-hidden=\"true\" class=\"e-font-icon-svg e-eicon-chevron-right\" viewBox=\"0 0 1000 1000\" xmlns=\"http:\/\/www.w3.org\/2000\/svg\"><path d=\"M696 533C708 521 713 504 713 487 713 471 708 454 696 446L400 146C388 133 375 125 354 125 338 125 325 129 313 142 300 154 292 171 292 187 292 204 296 221 308 233L563 492 304 771C292 783 288 800 288 817 288 833 296 850 308 863 321 871 338 875 354 875 371 875 388 867 400 854L696 533Z\"><\/path><\/svg>\t\t\t\t\t\t<\/div>\n\t\t\t\t\t\t\t\t\t\t\t\t\t\t\t\t<div class=\"swiper-pagination\"><\/div>\n\t\t\t\t\t\t\t\t\t\t\t\t<\/div>\n\t\t\t\t<\/div>\n\t\t\t\t\t\t\t\t<\/div>\n\t\t\t\t<\/div>\n\t\t\t\t<\/div>\n\t\t<div class=\"elementor-element elementor-element-6454685 e-flex e-con-boxed e-con e-parent\" data-id=\"6454685\" data-element_type=\"container\" data-settings=\"{&quot;background_background&quot;:&quot;classic&quot;}\">\n\t\t\t\t\t<div class=\"e-con-inner\">\n\t\t<div class=\"elementor-element elementor-element-7376153 e-con-full e-flex e-con e-child\" data-id=\"7376153\" data-element_type=\"container\">\n\t\t\t\t<div class=\"elementor-element elementor-element-acbac70 elementor-widget elementor-widget-heading\" data-id=\"acbac70\" data-element_type=\"widget\" data-widget_type=\"heading.default\">\n\t\t\t\t<div class=\"elementor-widget-container\">\n\t\t\t\t\t<h1 class=\"elementor-heading-title elementor-size-default\">Nuestros Servicios<\/h1>\t\t\t\t<\/div>\n\t\t\t\t<\/div>\n\t\t\t\t<\/div>\n\t\t<div class=\"elementor-element elementor-element-3c923ad e-con-full e-flex e-con e-child\" data-id=\"3c923ad\" data-element_type=\"container\" data-settings=\"{&quot;background_background&quot;:&quot;classic&quot;}\">\n\t\t\t\t<div class=\"elementor-element elementor-element-6b67958 elementor-widget elementor-widget-image\" data-id=\"6b67958\" data-element_type=\"widget\" data-widget_type=\"image.default\">\n\t\t\t\t<div class=\"elementor-widget-container\">\n\t\t\t\t\t\t\t\t\t\t\t\t\t\t\t<img fetchpriority=\"high\" decoding=\"async\" width=\"650\" height=\"400\" src=\"https:\/\/www.espacioruta.com.nsuzstudio.com\/wp-content\/uploads\/2025\/10\/Sin-titulo-2-010.png\" class=\"elementor-animation-shrink attachment-large size-large wp-image-2716\" alt=\"\" srcset=\"http:\/\/espacioruta.com\/wp-content\/uploads\/2025\/10\/Sin-titulo-2-010.png 650w, http:\/\/espacioruta.com\/wp-content\/uploads\/2025\/10\/Sin-titulo-2-010-300x185.png 300w\" sizes=\"(max-width: 650px) 100vw, 650px\" \/>\t\t\t\t\t\t\t\t\t\t\t\t\t\t\t<\/div>\n\t\t\t\t<\/div>\n\t\t\t\t<div class=\"elementor-element elementor-element-1b39e17 elementor-widget elementor-widget-heading\" data-id=\"1b39e17\" data-element_type=\"widget\" data-widget_type=\"heading.default\">\n\t\t\t\t<div class=\"elementor-widget-container\">\n\t\t\t\t\t<h4 class=\"elementor-heading-title elementor-size-default\">Alquiler y Administraci\u00f3n de Coches<\/h4>\t\t\t\t<\/div>\n\t\t\t\t<\/div>\n\t\t\t\t<div class=\"elementor-element elementor-element-73990d6 elementor-align-center elementor-widget elementor-widget-button\" data-id=\"73990d6\" data-element_type=\"widget\" data-widget_type=\"button.default\">\n\t\t\t\t<div class=\"elementor-widget-container\">\n\t\t\t\t\t\t\t\t\t<div class=\"elementor-button-wrapper\">\n\t\t\t\t\t<a class=\"elementor-button elementor-button-link elementor-size-sm elementor-animation-bounce-in\" href=\"index.php\/servicios\/\">\n\t\t\t\t\t\t<span class=\"elementor-button-content-wrapper\">\n\t\t\t\t\t\t<span class=\"elementor-button-icon\">\n\t\t\t\t<svg aria-hidden=\"true\" class=\"e-font-icon-svg e-fas-arrow-circle-right\" viewBox=\"0 0 512 512\" xmlns=\"http:\/\/www.w3.org\/2000\/svg\"><path d=\"M256 8c137 0 248 111 248 248S393 504 256 504 8 393 8 256 119 8 256 8zm-28.9 143.6l75.5 72.4H120c-13.3 0-24 10.7-24 24v16c0 13.3 10.7 24 24 24h182.6l-75.5 72.4c-9.7 9.3-9.9 24.8-.4 34.3l11 10.9c9.4 9.4 24.6 9.4 33.9 0L404.3 273c9.4-9.4 9.4-24.6 0-33.9L271.6 106.3c-9.4-9.4-24.6-9.4-33.9 0l-11 10.9c-9.5 9.6-9.3 25.1.4 34.4z\"><\/path><\/svg>\t\t\t<\/span>\n\t\t\t\t\t\t\t\t\t<span class=\"elementor-button-text\">Continuar<\/span>\n\t\t\t\t\t<\/span>\n\t\t\t\t\t<\/a>\n\t\t\t\t<\/div>\n\t\t\t\t\t\t\t\t<\/div>\n\t\t\t\t<\/div>\n\t\t\t\t<\/div>\n\t\t<div class=\"elementor-element elementor-element-4fb501f e-con-full e-flex e-con e-child\" data-id=\"4fb501f\" data-element_type=\"container\" data-settings=\"{&quot;background_background&quot;:&quot;classic&quot;}\">\n\t\t\t\t<div class=\"elementor-element elementor-element-58084a2 elementor-widget elementor-widget-image\" data-id=\"58084a2\" data-element_type=\"widget\" data-widget_type=\"image.default\">\n\t\t\t\t<div class=\"elementor-widget-container\">\n\t\t\t\t\t\t\t\t\t\t\t\t\t\t\t<img decoding=\"async\" width=\"650\" height=\"400\" src=\"https:\/\/www.espacioruta.com.nsuzstudio.com\/wp-content\/uploads\/2025\/10\/Sin-titulo-2-011.png\" class=\"elementor-animation-shrink attachment-large size-large wp-image-2717\" alt=\"\" srcset=\"http:\/\/espacioruta.com\/wp-content\/uploads\/2025\/10\/Sin-titulo-2-011.png 650w, http:\/\/espacioruta.com\/wp-content\/uploads\/2025\/10\/Sin-titulo-2-011-300x185.png 300w\" sizes=\"(max-width: 650px) 100vw, 650px\" \/>\t\t\t\t\t\t\t\t\t\t\t\t\t\t\t<\/div>\n\t\t\t\t<\/div>\n\t\t\t\t<div class=\"elementor-element elementor-element-68b76ef elementor-widget elementor-widget-heading\" data-id=\"68b76ef\" data-element_type=\"widget\" data-widget_type=\"heading.default\">\n\t\t\t\t<div class=\"elementor-widget-container\">\n\t\t\t\t\t<h4 class=\"elementor-heading-title elementor-size-default\">Gesti\u00f3n de Flotas<\/h4>\t\t\t\t<\/div>\n\t\t\t\t<\/div>\n\t\t\t\t<div class=\"elementor-element elementor-element-6598e2a elementor-align-center elementor-widget elementor-widget-button\" data-id=\"6598e2a\" data-element_type=\"widget\" data-widget_type=\"button.default\">\n\t\t\t\t<div class=\"elementor-widget-container\">\n\t\t\t\t\t\t\t\t\t<div class=\"elementor-button-wrapper\">\n\t\t\t\t\t<a class=\"elementor-button elementor-button-link elementor-size-sm elementor-animation-bounce-in\" href=\"index.php\/servicios\/\">\n\t\t\t\t\t\t<span class=\"elementor-button-content-wrapper\">\n\t\t\t\t\t\t<span class=\"elementor-button-icon\">\n\t\t\t\t<svg aria-hidden=\"true\" class=\"e-font-icon-svg e-fas-arrow-circle-right\" viewBox=\"0 0 512 512\" xmlns=\"http:\/\/www.w3.org\/2000\/svg\"><path d=\"M256 8c137 0 248 111 248 248S393 504 256 504 8 393 8 256 119 8 256 8zm-28.9 143.6l75.5 72.4H120c-13.3 0-24 10.7-24 24v16c0 13.3 10.7 24 24 24h182.6l-75.5 72.4c-9.7 9.3-9.9 24.8-.4 34.3l11 10.9c9.4 9.4 24.6 9.4 33.9 0L404.3 273c9.4-9.4 9.4-24.6 0-33.9L271.6 106.3c-9.4-9.4-24.6-9.4-33.9 0l-11 10.9c-9.5 9.6-9.3 25.1.4 34.4z\"><\/path><\/svg>\t\t\t<\/span>\n\t\t\t\t\t\t\t\t\t<span class=\"elementor-button-text\">Continuar<\/span>\n\t\t\t\t\t<\/span>\n\t\t\t\t\t<\/a>\n\t\t\t\t<\/div>\n\t\t\t\t\t\t\t\t<\/div>\n\t\t\t\t<\/div>\n\t\t\t\t<\/div>\n\t\t<div class=\"elementor-element elementor-element-8e4e70b e-con-full e-flex e-con e-child\" data-id=\"8e4e70b\" data-element_type=\"container\" data-settings=\"{&quot;background_background&quot;:&quot;classic&quot;}\">\n\t\t\t\t<div class=\"elementor-element elementor-element-639429f elementor-widget elementor-widget-image\" data-id=\"639429f\" data-element_type=\"widget\" data-widget_type=\"image.default\">\n\t\t\t\t<div class=\"elementor-widget-container\">\n\t\t\t\t\t\t\t\t\t\t\t\t\t\t\t<img decoding=\"async\" width=\"650\" height=\"400\" src=\"https:\/\/www.espacioruta.com.nsuzstudio.com\/wp-content\/uploads\/2025\/10\/Sin-titulo-2-012.png\" class=\"elementor-animation-shrink attachment-large size-large wp-image-2718\" alt=\"\" srcset=\"http:\/\/espacioruta.com\/wp-content\/uploads\/2025\/10\/Sin-titulo-2-012.png 650w, http:\/\/espacioruta.com\/wp-content\/uploads\/2025\/10\/Sin-titulo-2-012-300x185.png 300w\" sizes=\"(max-width: 650px) 100vw, 650px\" \/>\t\t\t\t\t\t\t\t\t\t\t\t\t\t\t<\/div>\n\t\t\t\t<\/div>\n\t\t\t\t<div class=\"elementor-element elementor-element-26554f9 elementor-widget elementor-widget-heading\" data-id=\"26554f9\" data-element_type=\"widget\" data-widget_type=\"heading.default\">\n\t\t\t\t<div class=\"elementor-widget-container\">\n\t\t\t\t\t<h4 class=\"elementor-heading-title elementor-size-default\">Servicios Integrales<\/h4>\t\t\t\t<\/div>\n\t\t\t\t<\/div>\n\t\t\t\t<div class=\"elementor-element elementor-element-a00759c elementor-align-center elementor-widget elementor-widget-button\" data-id=\"a00759c\" data-element_type=\"widget\" data-widget_type=\"button.default\">\n\t\t\t\t<div class=\"elementor-widget-container\">\n\t\t\t\t\t\t\t\t\t<div class=\"elementor-button-wrapper\">\n\t\t\t\t\t<a class=\"elementor-button elementor-button-link elementor-size-sm elementor-animation-bounce-in\" href=\"index.php\/servicios\/\">\n\t\t\t\t\t\t<span class=\"elementor-button-content-wrapper\">\n\t\t\t\t\t\t<span class=\"elementor-button-icon\">\n\t\t\t\t<svg aria-hidden=\"true\" class=\"e-font-icon-svg e-fas-arrow-circle-right\" viewBox=\"0 0 512 512\" xmlns=\"http:\/\/www.w3.org\/2000\/svg\"><path d=\"M256 8c137 0 248 111 248 248S393 504 256 504 8 393 8 256 119 8 256 8zm-28.9 143.6l75.5 72.4H120c-13.3 0-24 10.7-24 24v16c0 13.3 10.7 24 24 24h182.6l-75.5 72.4c-9.7 9.3-9.9 24.8-.4 34.3l11 10.9c9.4 9.4 24.6 9.4 33.9 0L404.3 273c9.4-9.4 9.4-24.6 0-33.9L271.6 106.3c-9.4-9.4-24.6-9.4-33.9 0l-11 10.9c-9.5 9.6-9.3 25.1.4 34.4z\"><\/path><\/svg>\t\t\t<\/span>\n\t\t\t\t\t\t\t\t\t<span class=\"elementor-button-text\">Continuar<\/span>\n\t\t\t\t\t<\/span>\n\t\t\t\t\t<\/a>\n\t\t\t\t<\/div>\n\t\t\t\t\t\t\t\t<\/div>\n\t\t\t\t<\/div>\n\t\t\t\t<\/div>\n\t\t<div class=\"elementor-element elementor-element-2d58116 e-con-full e-flex e-con e-child\" data-id=\"2d58116\" data-element_type=\"container\">\n\t\t\t\t<div class=\"elementor-element elementor-element-272e98b elementor-widget elementor-widget-spacer\" data-id=\"272e98b\" data-element_type=\"widget\" data-widget_type=\"spacer.default\">\n\t\t\t\t<div class=\"elementor-widget-container\">\n\t\t\t\t\t\t\t<div class=\"elementor-spacer\">\n\t\t\t<div class=\"elementor-spacer-inner\"><\/div>\n\t\t<\/div>\n\t\t\t\t\t\t<\/div>\n\t\t\t\t<\/div>\n\t\t\t\t<\/div>\n\t\t\t\t\t<\/div>\n\t\t\t\t<\/div>\n\t\t<div class=\"elementor-element elementor-element-3bc231a e-flex e-con-boxed e-con e-parent\" data-id=\"3bc231a\" data-element_type=\"container\">\n\t\t\t\t\t<div class=\"e-con-inner\">\n\t\t<div class=\"elementor-element elementor-element-50a0cb4 e-con-full e-flex e-con e-child\" data-id=\"50a0cb4\" data-element_type=\"container\">\n\t\t\t\t<div class=\"elementor-element elementor-element-b6b0cd9 elementor-widget elementor-widget-text-editor\" data-id=\"b6b0cd9\" data-element_type=\"widget\" data-widget_type=\"text-editor.default\">\n\t\t\t\t<div class=\"elementor-widget-container\">\n\t\t\t\t\t\t\t\t\t<p data-start=\"410\" data-end=\"567\">En <strong>EspacioRuta<\/strong> gestionamos soluciones integrales de movilidad y transporte, adaptadas a las nuevas formas de moverse y de generar valor con los coches.<\/p><p data-start=\"569\" data-end=\"731\">Nos especializamos en la administraci\u00f3n, optimizaci\u00f3n y gesti\u00f3n de coches y flotas, ofreciendo servicios flexibles para particulares, empresas e inversores.<\/p><p data-start=\"733\" data-end=\"1157\">Nuestro prop\u00f3sito es convertir cada coche en una oportunidad. Transformamos coches que permanecen parados en activos rentables, ocup\u00e1ndonos de todo el proceso para que generen beneficios de forma segura y eficiente. Cuidamos cada detalle, desde la gesti\u00f3n diaria y el mantenimiento hasta la optimizaci\u00f3n del rendimiento y la rentabilidad, para que nuestros clientes disfruten de resultados constantes y sin preocupaciones.<\/p>\t\t\t\t\t\t\t\t<\/div>\n\t\t\t\t<\/div>\n\t\t\t\t<\/div>\n\t\t<div class=\"elementor-element elementor-element-a0557d9 e-con-full e-flex e-con e-child\" data-id=\"a0557d9\" data-element_type=\"container\">\n\t\t\t\t<div class=\"elementor-element elementor-element-b62c889 elementor-widget elementor-widget-image\" data-id=\"b62c889\" data-element_type=\"widget\" data-widget_type=\"image.default\">\n\t\t\t\t<div class=\"elementor-widget-container\">\n\t\t\t\t\t\t\t\t\t\t\t\t\t\t\t<img loading=\"lazy\" decoding=\"async\" width=\"800\" height=\"534\" src=\"https:\/\/www.espacioruta.com.nsuzstudio.com\/wp-content\/uploads\/2025\/10\/retrato-de-empresarios-felices-masculinos-y-femeninos-1024x683.jpg\" class=\"attachment-large size-large wp-image-2720\" alt=\"\" srcset=\"http:\/\/espacioruta.com\/wp-content\/uploads\/2025\/10\/retrato-de-empresarios-felices-masculinos-y-femeninos-1024x683.jpg 1024w, http:\/\/espacioruta.com\/wp-content\/uploads\/2025\/10\/retrato-de-empresarios-felices-masculinos-y-femeninos-300x200.jpg 300w, http:\/\/espacioruta.com\/wp-content\/uploads\/2025\/10\/retrato-de-empresarios-felices-masculinos-y-femeninos-768x513.jpg 768w, http:\/\/espacioruta.com\/wp-content\/uploads\/2025\/10\/retrato-de-empresarios-felices-masculinos-y-femeninos-1536x1025.jpg 1536w, http:\/\/espacioruta.com\/wp-content\/uploads\/2025\/10\/retrato-de-empresarios-felices-masculinos-y-femeninos-2048x1367.jpg 2048w\" sizes=\"(max-width: 800px) 100vw, 800px\" \/>\t\t\t\t\t\t\t\t\t\t\t\t\t\t\t<\/div>\n\t\t\t\t<\/div>\n\t\t\t\t<\/div>\n\t\t\t\t\t<\/div>\n\t\t\t\t<\/div>\n\t\t<div class=\"elementor-element elementor-element-1f294ec e-flex e-con-boxed e-con e-parent\" data-id=\"1f294ec\" data-element_type=\"container\">\n\t\t\t\t\t<div class=\"e-con-inner\">\n\t\t\t\t<div class=\"elementor-element elementor-element-40fc9a4 elementor-widget elementor-widget-html\" data-id=\"40fc9a4\" data-element_type=\"widget\" data-widget_type=\"html.default\">\n\t\t\t\t<div class=\"elementor-widget-container\">\n\t\t\t\t\t<iframe src=\"https:\/\/www.google.com\/maps\/embed?pb=!1m18!1m12!1m3!1d2919.0778773968213!2d-3.716304724132446!3d40.41461957144003!2m3!1f0!2f0!3f0!3m2!1i1024!2i768!4f13.1!3m3!1m2!1s0xd4228779bb0ac77%3A0xe88eb766fcde18b3!2sC.%20de%20Bail%C3%A9n%2C%2012%2C%20Centro%2C%2028005%20Madrid!5e1!3m2!1ses-419!2ses!4v1759233138465!5m2!1ses-419!2ses\" width=\"600\" height=\"450\" style=\"border:0;\" allowfullscreen=\"\" loading=\"lazy\" referrerpolicy=\"no-referrer-when-downgrade\"><\/iframe>\t\t\t\t<\/div>\n\t\t\t\t<\/div>\n\t\t\t\t\t<\/div>\n\t\t\t\t<\/div>\n\t\t<div class=\"elementor-element elementor-element-319ddc0 e-grid e-con-full elementor-hidden-mobile e-con e-parent\" data-id=\"319ddc0\" data-element_type=\"container\">\n\t\t\t\t<div class=\"elementor-element elementor-element-9a0db01 elementor-widget elementor-widget-image\" data-id=\"9a0db01\" data-element_type=\"widget\" data-widget_type=\"image.default\">\n\t\t\t\t<div class=\"elementor-widget-container\">\n\t\t\t\t\t\t\t\t\t\t\t\t\t\t\t<img loading=\"lazy\" decoding=\"async\" width=\"360\" height=\"603\" src=\"https:\/\/www.espacioruta.com.nsuzstudio.com\/wp-content\/uploads\/2025\/10\/espacioruta_corte_1.png\" class=\"attachment-large size-large wp-image-2724\" alt=\"\" srcset=\"http:\/\/espacioruta.com\/wp-content\/uploads\/2025\/10\/espacioruta_corte_1.png 360w, http:\/\/espacioruta.com\/wp-content\/uploads\/2025\/10\/espacioruta_corte_1-179x300.png 179w\" sizes=\"(max-width: 360px) 100vw, 360px\" \/>\t\t\t\t\t\t\t\t\t\t\t\t\t\t\t<\/div>\n\t\t\t\t<\/div>\n\t\t\t\t<div class=\"elementor-element elementor-element-5c8a145 elementor-widget elementor-widget-image\" data-id=\"5c8a145\" data-element_type=\"widget\" data-widget_type=\"image.default\">\n\t\t\t\t<div class=\"elementor-widget-container\">\n\t\t\t\t\t\t\t\t\t\t\t\t\t\t\t<img loading=\"lazy\" decoding=\"async\" width=\"360\" height=\"603\" src=\"https:\/\/www.espacioruta.com.nsuzstudio.com\/wp-content\/uploads\/2025\/10\/espacioruta_corte_2.png\" class=\"attachment-large size-large wp-image-2725\" alt=\"\" srcset=\"http:\/\/espacioruta.com\/wp-content\/uploads\/2025\/10\/espacioruta_corte_2.png 360w, http:\/\/espacioruta.com\/wp-content\/uploads\/2025\/10\/espacioruta_corte_2-179x300.png 179w\" sizes=\"(max-width: 360px) 100vw, 360px\" \/>\t\t\t\t\t\t\t\t\t\t\t\t\t\t\t<\/div>\n\t\t\t\t<\/div>\n\t\t\t\t<div class=\"elementor-element elementor-element-89ecec7 elementor-widget elementor-widget-image\" data-id=\"89ecec7\" data-element_type=\"widget\" data-widget_type=\"image.default\">\n\t\t\t\t<div class=\"elementor-widget-container\">\n\t\t\t\t\t\t\t\t\t\t\t\t\t\t\t<img loading=\"lazy\" decoding=\"async\" width=\"360\" height=\"603\" src=\"https:\/\/www.espacioruta.com.nsuzstudio.com\/wp-content\/uploads\/2025\/10\/espacioruta_corte_3.png\" class=\"attachment-large size-large wp-image-2726\" alt=\"\" srcset=\"http:\/\/espacioruta.com\/wp-content\/uploads\/2025\/10\/espacioruta_corte_3.png 360w, http:\/\/espacioruta.com\/wp-content\/uploads\/2025\/10\/espacioruta_corte_3-179x300.png 179w\" sizes=\"(max-width: 360px) 100vw, 360px\" \/>\t\t\t\t\t\t\t\t\t\t\t\t\t\t\t<\/div>\n\t\t\t\t<\/div>\n\t\t\t\t<div class=\"elementor-element elementor-element-16b0a45 elementor-widget elementor-widget-image\" data-id=\"16b0a45\" data-element_type=\"widget\" data-widget_type=\"image.default\">\n\t\t\t\t<div class=\"elementor-widget-container\">\n\t\t\t\t\t\t\t\t\t\t\t\t\t\t\t<img loading=\"lazy\" decoding=\"async\" width=\"360\" height=\"603\" src=\"https:\/\/www.espacioruta.com.nsuzstudio.com\/wp-content\/uploads\/2025\/10\/espacioruta_corte_4.png\" class=\"attachment-large size-large wp-image-2727\" alt=\"\" srcset=\"http:\/\/espacioruta.com\/wp-content\/uploads\/2025\/10\/espacioruta_corte_4.png 360w, http:\/\/espacioruta.com\/wp-content\/uploads\/2025\/10\/espacioruta_corte_4-179x300.png 179w\" sizes=\"(max-width: 360px) 100vw, 360px\" \/>\t\t\t\t\t\t\t\t\t\t\t\t\t\t\t<\/div>\n\t\t\t\t<\/div>\n\t\t\t\t<div class=\"elementor-element elementor-element-90c7be3 elementor-widget elementor-widget-image\" data-id=\"90c7be3\" data-element_type=\"widget\" data-widget_type=\"image.default\">\n\t\t\t\t<div class=\"elementor-widget-container\">\n\t\t\t\t\t\t\t\t\t\t\t\t\t\t\t<img loading=\"lazy\" decoding=\"async\" width=\"360\" height=\"603\" src=\"https:\/\/www.espacioruta.com.nsuzstudio.com\/wp-content\/uploads\/2025\/10\/espacioruta_corte_5.png\" class=\"attachment-large size-large wp-image-2728\" alt=\"\" srcset=\"http:\/\/espacioruta.com\/wp-content\/uploads\/2025\/10\/espacioruta_corte_5.png 360w, http:\/\/espacioruta.com\/wp-content\/uploads\/2025\/10\/espacioruta_corte_5-179x300.png 179w\" sizes=\"(max-width: 360px) 100vw, 360px\" \/>\t\t\t\t\t\t\t\t\t\t\t\t\t\t\t<\/div>\n\t\t\t\t<\/div>\n\t\t\t\t<\/div>\n\t\t\t\t<\/div>\n\t\t","protected":false},"excerpt":{"rendered":"<p>Movilidad que genera valorAdministraci\u00f3n eficiente y segura de coches y flotas.Rentabilidad sin complicacionesGesti\u00f3n profesional y transparente de coches y flotas.Confianza y rentabilidad en movimientoSoluciones integrales de movilidad y gesti\u00f3n profesional.Viaja, disfruta, repiteNosotros gestionamos el coche, t\u00fa vives la experiencia. Nuestros Servicios Alquiler y Administraci\u00f3n de Coches Continuar Gesti\u00f3n de Flotas Continuar Servicios Integrales Continuar En [&hellip;]<\/p>\n","protected":false},"author":2,"featured_media":0,"parent":0,"menu_order":0,"comment_status":"closed","ping_status":"closed","template":"","meta":{"_joinchat":[],"footnotes":""},"class_list":["post-2","page","type-page","status-publish","hentry"],"_links":{"self":[{"href":"https:\/\/www.espacioruta.com.nsuzstudio.com\/index.php\/wp-json\/wp\/v2\/pages\/2","targetHints":{"allow":["GET"]}}],"collection":[{"href":"https:\/\/www.espacioruta.com.nsuzstudio.com\/index.php\/wp-json\/wp\/v2\/pages"}],"about":[{"href":"https:\/\/www.espacioruta.com.nsuzstudio.com\/index.php\/wp-json\/wp\/v2\/types\/page"}],"author":[{"embeddable":true,"href":"https:\/\/www.espacioruta.com.nsuzstudio.com\/index.php\/wp-json\/wp\/v2\/users\/2"}],"replies":[{"embeddable":true,"href":"https:\/\/www.espacioruta.com.nsuzstudio.com\/index.php\/wp-json\/wp\/v2\/comments?post=2"}],"version-history":[{"count":1009,"href":"https:\/\/www.espacioruta.com.nsuzstudio.com\/index.php\/wp-json\/wp\/v2\/pages\/2\/revisions"}],"predecessor-version":[{"id":2759,"href":"https:\/\/www.espacioruta.com.nsuzstudio.com\/index.php\/wp-json\/wp\/v2\/pages\/2\/revisions\/2759"}],"wp:attachment":[{"href":"https:\/\/www.espacioruta.com.nsuzstudio.com\/index.php\/wp-json\/wp\/v2\/media?parent=2"}],"curies":[{"name":"wp","href":"https:\/\/api.w.org\/{rel}","templated":true}]}}