{"id":2257,"date":"2025-05-12T16:41:55","date_gmt":"2025-05-12T14:41:55","guid":{"rendered":"http:\/\/espacioruta.com\/?page_id=2257"},"modified":"2025-10-11T19:31:49","modified_gmt":"2025-10-11T17:31:49","slug":"aviso-legal","status":"publish","type":"page","link":"https:\/\/www.espacioruta.com.nsuzstudio.com\/index.php\/aviso-legal\/","title":{"rendered":"AVISO LEGAL"},"content":{"rendered":"\t\t<div data-elementor-type=\"wp-page\" data-elementor-id=\"2257\" class=\"elementor elementor-2257\" data-elementor-post-type=\"page\">\n\t\t\t\t<div class=\"elementor-element elementor-element-1bc0efa e-flex e-con-boxed e-con e-parent\" data-id=\"1bc0efa\" data-element_type=\"container\">\n\t\t\t\t\t<div class=\"e-con-inner\">\n\t\t\t\t<div class=\"elementor-element elementor-element-f4b6049 elementor-widget elementor-widget-text-editor\" data-id=\"f4b6049\" data-element_type=\"widget\" data-widget_type=\"text-editor.default\">\n\t\t\t\t<div class=\"elementor-widget-container\">\n\t\t\t\t\t\t\t\t\t<h4><strong>Aviso Legal<\/strong><\/h4>\t\t\t\t\t\t\t\t<\/div>\n\t\t\t\t<\/div>\n\t\t\t\t\t<\/div>\n\t\t\t\t<\/div>\n\t\t<div class=\"elementor-element elementor-element-5d55f6a e-flex e-con-boxed e-con e-parent\" data-id=\"5d55f6a\" data-element_type=\"container\">\n\t\t\t\t\t<div class=\"e-con-inner\">\n\t\t\t\t<div class=\"elementor-element elementor-element-7bfa1f5 elementor-widget elementor-widget-text-editor\" data-id=\"7bfa1f5\" data-element_type=\"widget\" data-widget_type=\"text-editor.default\">\n\t\t\t\t<div class=\"elementor-widget-container\">\n\t\t\t\t\t\t\t\t\t<h4 data-start=\"236\" data-end=\"276\"><strong data-start=\"239\" data-end=\"274\">1. Identificaci\u00f3n y Titularidad<\/strong><\/h4><p data-start=\"277\" data-end=\"496\">En cumplimiento de lo dispuesto en la Ley 34\/2002, de 11 de julio, de Servicios de la Sociedad de la Informaci\u00f3n y del Comercio Electr\u00f3nico (LSSI-CE), se informa de los datos identificativos del titular del sitio web:<\/p><p data-start=\"498\" data-end=\"643\"><strong data-start=\"498\" data-end=\"510\">Titular:<\/strong> EspacioRuta<br data-start=\"522\" data-end=\"525\" \/><strong data-start=\"525\" data-end=\"548\">Correo electr\u00f3nico:<\/strong> <a class=\"decorated-link cursor-pointer\" rel=\"noopener\" data-start=\"549\" data-end=\"573\">dl_legal@espacioruta.com<\/a><br data-start=\"573\" data-end=\"576\" \/><strong data-start=\"576\" data-end=\"590\">Sitio web:<\/strong> <a class=\"decorated-link\" href=\"https:\/\/www.espacioruta.com.nsuzstudio.com\" target=\"_new\" rel=\"noopener\" data-start=\"591\" data-end=\"641\">https:\/\/espacioruta.com<\/a><\/p><hr data-start=\"645\" data-end=\"648\" \/><h4 data-start=\"650\" data-end=\"680\"><strong data-start=\"653\" data-end=\"678\">2. Condiciones de Uso<\/strong><\/h4><p data-start=\"681\" data-end=\"918\">El acceso y uso de este sitio web atribuye la condici\u00f3n de usuario, implicando la aceptaci\u00f3n plena y sin reservas de todas las disposiciones incluidas en este Aviso Legal, as\u00ed como en la Pol\u00edtica de Privacidad y la Pol\u00edtica de Cookies.<\/p><p data-start=\"920\" data-end=\"1112\">El usuario se compromete a utilizar el sitio web y sus servicios de forma l\u00edcita, conforme a la legislaci\u00f3n espa\u00f1ola vigente, la buena fe, la moral, las buenas costumbres y el orden p\u00fablico.<\/p><hr data-start=\"1114\" data-end=\"1117\" \/><h4 data-start=\"1119\" data-end=\"1165\"><strong data-start=\"1122\" data-end=\"1163\">3. Propiedad Intelectual e Industrial<\/strong><\/h4><p data-start=\"1166\" data-end=\"1425\">Todos los contenidos de este sitio web, incluyendo \u2014sin car\u00e1cter limitativo\u2014 textos, im\u00e1genes, fotograf\u00edas, logotipos, dise\u00f1os, bases de datos, software, marcas y nombres comerciales, son propiedad de <strong data-start=\"1367\" data-end=\"1382\">EspacioRuta<\/strong> o de terceros que han autorizado su uso.<\/p><p data-start=\"1427\" data-end=\"1651\">Queda prohibida la reproducci\u00f3n, distribuci\u00f3n, comunicaci\u00f3n p\u00fablica, transformaci\u00f3n o cualquier otra forma de explotaci\u00f3n, total o parcial, de dichos contenidos sin la autorizaci\u00f3n expresa y por escrito de <strong data-start=\"1633\" data-end=\"1648\">EspacioRuta<\/strong>.<\/p><hr data-start=\"1653\" data-end=\"1656\" \/><h4 data-start=\"1658\" data-end=\"1685\"><strong data-start=\"1661\" data-end=\"1683\">4. Responsabilidad<\/strong><\/h4><p data-start=\"1686\" data-end=\"1884\"><strong data-start=\"1686\" data-end=\"1701\">EspacioRuta<\/strong> no garantiza la ausencia de errores en los contenidos del sitio web ni se hace responsable de los da\u00f1os o perjuicios que puedan derivarse del uso de la informaci\u00f3n contenida en \u00e9l.<\/p><p data-start=\"1886\" data-end=\"2134\">Asimismo, no se responsabiliza del uso inadecuado que los usuarios puedan hacer del sitio web ni de la informaci\u00f3n publicada, ni de los da\u00f1os o perjuicios ocasionados por terceros mediante intromisiones ileg\u00edtimas fuera del control de la empresa.<\/p><hr data-start=\"2136\" data-end=\"2139\" \/><h4 data-start=\"2141\" data-end=\"2183\"><strong data-start=\"2144\" data-end=\"2181\">5. Protecci\u00f3n de Datos Personales<\/strong><\/h4><p data-start=\"2184\" data-end=\"2386\"><strong data-start=\"2184\" data-end=\"2199\">EspacioRuta<\/strong> garantiza la protecci\u00f3n y confidencialidad de los datos personales facilitados por los usuarios, en cumplimiento del Reglamento (UE) 2016\/679 (RGPD) y la Ley Org\u00e1nica 3\/2018 (LOPDGDD).<\/p><p data-start=\"2388\" data-end=\"2482\">Para m\u00e1s informaci\u00f3n, consulte nuestra <strong data-start=\"2427\" data-end=\"2453\">Pol\u00edtica de Privacidad<\/strong> y <strong data-start=\"2456\" data-end=\"2479\">Pol\u00edtica de Cookies<\/strong>.<\/p><hr data-start=\"2484\" data-end=\"2487\" \/><h4 data-start=\"2489\" data-end=\"2537\"><strong data-start=\"2492\" data-end=\"2535\">6. Legislaci\u00f3n Aplicable y Jurisdicci\u00f3n<\/strong><\/h4><p data-start=\"2538\" data-end=\"2864\">El presente Aviso Legal se rige por la legislaci\u00f3n espa\u00f1ola.<br data-start=\"2598\" data-end=\"2601\" \/>Para la resoluci\u00f3n de cualquier conflicto derivado del acceso o uso del sitio web, el usuario y <strong data-start=\"2697\" data-end=\"2712\">EspacioRuta<\/strong> acuerdan someterse expresamente a los juzgados y tribunales de <strong data-start=\"2776\" data-end=\"2795\">Madrid (Espa\u00f1a)<\/strong>, salvo que la normativa aplicable disponga otro fuero obligatorio.<\/p>\t\t\t\t\t\t\t\t<\/div>\n\t\t\t\t<\/div>\n\t\t\t\t\t<\/div>\n\t\t\t\t<\/div>\n\t\t\t\t<\/div>\n\t\t","protected":false},"excerpt":{"rendered":"<p>Aviso Legal 1. Identificaci\u00f3n y Titularidad En cumplimiento de lo dispuesto en la Ley 34\/2002, de 11 de julio, de Servicios de la Sociedad de la Informaci\u00f3n y del Comercio Electr\u00f3nico (LSSI-CE), se informa de los datos identificativos del titular del sitio web: Titular: EspacioRutaCorreo electr\u00f3nico: dl_legal@espacioruta.comSitio web: https:\/\/espacioruta.com 2. Condiciones de Uso El acceso [&hellip;]<\/p>\n","protected":false},"author":2,"featured_media":0,"parent":0,"menu_order":0,"comment_status":"closed","ping_status":"closed","template":"","meta":{"_joinchat":[],"footnotes":""},"class_list":["post-2257","page","type-page","status-publish","hentry"],"_links":{"self":[{"href":"https:\/\/www.espacioruta.com.nsuzstudio.com\/index.php\/wp-json\/wp\/v2\/pages\/2257","targetHints":{"allow":["GET"]}}],"collection":[{"href":"https:\/\/www.espacioruta.com.nsuzstudio.com\/index.php\/wp-json\/wp\/v2\/pages"}],"about":[{"href":"https:\/\/www.espacioruta.com.nsuzstudio.com\/index.php\/wp-json\/wp\/v2\/types\/page"}],"author":[{"embeddable":true,"href":"https:\/\/www.espacioruta.com.nsuzstudio.com\/index.php\/wp-json\/wp\/v2\/users\/2"}],"replies":[{"embeddable":true,"href":"https:\/\/www.espacioruta.com.nsuzstudio.com\/index.php\/wp-json\/wp\/v2\/comments?post=2257"}],"version-history":[{"count":34,"href":"https:\/\/www.espacioruta.com.nsuzstudio.com\/index.php\/wp-json\/wp\/v2\/pages\/2257\/revisions"}],"predecessor-version":[{"id":2753,"href":"https:\/\/www.espacioruta.com.nsuzstudio.com\/index.php\/wp-json\/wp\/v2\/pages\/2257\/revisions\/2753"}],"wp:attachment":[{"href":"https:\/\/www.espacioruta.com.nsuzstudio.com\/index.php\/wp-json\/wp\/v2\/media?parent=2257"}],"curies":[{"name":"wp","href":"https:\/\/api.w.org\/{rel}","templated":true}]}}