{"id":2309,"date":"2025-05-12T17:20:38","date_gmt":"2025-05-12T15:20:38","guid":{"rendered":"http:\/\/espacioruta.com\/?page_id=2309"},"modified":"2025-10-11T19:34:19","modified_gmt":"2025-10-11T17:34:19","slug":"politica-de-privacidad-y-cookies","status":"publish","type":"page","link":"https:\/\/www.espacioruta.com.nsuzstudio.com\/index.php\/politica-de-privacidad-y-cookies\/","title":{"rendered":"POLITICA DE PRIVACIDAD Y COOKIES"},"content":{"rendered":"\t\t<div data-elementor-type=\"wp-page\" data-elementor-id=\"2309\" class=\"elementor elementor-2309\" data-elementor-post-type=\"page\">\n\t\t\t\t<div class=\"elementor-element elementor-element-2a4a441 e-flex e-con-boxed e-con e-parent\" data-id=\"2a4a441\" data-element_type=\"container\">\n\t\t\t\t\t<div class=\"e-con-inner\">\n\t\t\t\t<div class=\"elementor-element elementor-element-413cb1c elementor-widget elementor-widget-text-editor\" data-id=\"413cb1c\" data-element_type=\"widget\" data-widget_type=\"text-editor.default\">\n\t\t\t\t<div class=\"elementor-widget-container\">\n\t\t\t\t\t\t\t\t\t<h4><strong>Pol\u00edtica de privacidad y cookies<\/strong><\/h4>\t\t\t\t\t\t\t\t<\/div>\n\t\t\t\t<\/div>\n\t\t\t\t\t<\/div>\n\t\t\t\t<\/div>\n\t\t<div class=\"elementor-element elementor-element-0ac1347 e-flex e-con-boxed e-con e-parent\" data-id=\"0ac1347\" data-element_type=\"container\">\n\t\t\t\t\t<div class=\"e-con-inner\">\n\t\t\t\t<div class=\"elementor-element elementor-element-feb6a50 elementor-widget elementor-widget-text-editor\" data-id=\"feb6a50\" data-element_type=\"widget\" data-widget_type=\"text-editor.default\">\n\t\t\t\t<div class=\"elementor-widget-container\">\n\t\t\t\t\t\t\t\t\t<h4 data-start=\"290\" data-end=\"329\"><strong data-start=\"293\" data-end=\"327\">1. Responsable del Tratamiento<\/strong><\/h4><p data-start=\"330\" data-end=\"475\"><strong data-start=\"330\" data-end=\"342\">Titular:<\/strong> EspacioRuta<br data-start=\"354\" data-end=\"357\" \/><strong data-start=\"357\" data-end=\"380\">Correo electr\u00f3nico:<\/strong> <a class=\"decorated-link cursor-pointer\" rel=\"noopener\" data-start=\"381\" data-end=\"405\">dl_legal@espacioruta.com<\/a><br data-start=\"405\" data-end=\"408\" \/><strong data-start=\"408\" data-end=\"422\">Sitio web:<\/strong> <a class=\"decorated-link\" href=\"https:\/\/www.espacioruta.com.nsuzstudio.com\" target=\"_new\" rel=\"noopener\" data-start=\"423\" data-end=\"473\">https:\/\/espacioruta.com<\/a><\/p><hr data-start=\"477\" data-end=\"480\" \/><h4 data-start=\"482\" data-end=\"538\"><strong data-start=\"485\" data-end=\"536\">2. Principios Aplicados al Tratamiento de Datos<\/strong><\/h4><p data-start=\"539\" data-end=\"787\"><strong data-start=\"539\" data-end=\"554\">EspacioRuta<\/strong> tratar\u00e1 los datos personales de acuerdo con el <strong data-start=\"602\" data-end=\"637\">Reglamento (UE) 2016\/679 (RGPD)<\/strong> y la <strong data-start=\"643\" data-end=\"747\">Ley Org\u00e1nica 3\/2018 de Protecci\u00f3n de Datos Personales y garant\u00eda de los derechos digitales (LOPDGDD)<\/strong>, aplicando los siguientes principios:<\/p><ul data-start=\"789\" data-end=\"1403\"><li data-start=\"789\" data-end=\"891\"><p data-start=\"791\" data-end=\"891\"><strong data-start=\"791\" data-end=\"828\">Licitud, lealtad y transparencia:<\/strong> los datos se tratar\u00e1n de forma l\u00edcita, justa y transparente.<\/p><\/li><li data-start=\"892\" data-end=\"998\"><p data-start=\"894\" data-end=\"998\"><strong data-start=\"894\" data-end=\"925\">Limitaci\u00f3n de la finalidad:<\/strong> los datos se recoger\u00e1n con fines determinados, expl\u00edcitos y leg\u00edtimos.<\/p><\/li><li data-start=\"999\" data-end=\"1102\"><p data-start=\"1001\" data-end=\"1102\"><strong data-start=\"1001\" data-end=\"1027\">Minimizaci\u00f3n de datos:<\/strong> solo se solicitar\u00e1n los datos necesarios para las finalidades indicadas.<\/p><\/li><li data-start=\"1103\" data-end=\"1185\"><p data-start=\"1105\" data-end=\"1185\"><strong data-start=\"1105\" data-end=\"1135\">Exactitud y actualizaci\u00f3n:<\/strong> los datos ser\u00e1n exactos y estar\u00e1n actualizados.<\/p><\/li><li data-start=\"1186\" data-end=\"1296\"><p data-start=\"1188\" data-end=\"1296\"><strong data-start=\"1188\" data-end=\"1229\">Limitaci\u00f3n del plazo de conservaci\u00f3n:<\/strong> los datos se conservar\u00e1n \u00fanicamente durante el tiempo necesario.<\/p><\/li><li data-start=\"1297\" data-end=\"1403\"><p data-start=\"1299\" data-end=\"1403\"><strong data-start=\"1299\" data-end=\"1333\">Integridad y confidencialidad:<\/strong> los datos se tratar\u00e1n garantizando su seguridad y confidencialidad.<\/p><\/li><\/ul><hr data-start=\"1405\" data-end=\"1408\" \/><h4 data-start=\"1410\" data-end=\"1443\"><strong data-start=\"1413\" data-end=\"1441\">3. Datos que Recopilamos<\/strong><\/h4><p data-start=\"1444\" data-end=\"1547\">Podemos recopilar y tratar datos personales facilitados voluntariamente por los usuarios a trav\u00e9s de:<\/p><ul data-start=\"1549\" data-end=\"1782\"><li data-start=\"1549\" data-end=\"1577\"><p data-start=\"1551\" data-end=\"1577\">Formularios de contacto.<\/p><\/li><li data-start=\"1578\" data-end=\"1622\"><p data-start=\"1580\" data-end=\"1622\">Solicitudes de servicios o presupuestos.<\/p><\/li><li data-start=\"1623\" data-end=\"1676\"><p data-start=\"1625\" data-end=\"1676\">Comunicaciones por correo electr\u00f3nico o tel\u00e9fono.<\/p><\/li><li data-start=\"1677\" data-end=\"1713\"><p data-start=\"1679\" data-end=\"1713\">Interacciones en redes sociales.<\/p><\/li><li data-start=\"1714\" data-end=\"1782\"><p data-start=\"1716\" data-end=\"1782\">Informaci\u00f3n t\u00e9cnica y de navegaci\u00f3n recopilada mediante cookies.<\/p><\/li><\/ul><hr data-start=\"1784\" data-end=\"1787\" \/><h4 data-start=\"1789\" data-end=\"1826\"><strong data-start=\"1792\" data-end=\"1824\">4. Finalidad del Tratamiento<\/strong><\/h4><p data-start=\"1827\" data-end=\"1893\">Los datos personales se tratar\u00e1n con las siguientes finalidades:<\/p><ul data-start=\"1895\" data-end=\"2177\"><li data-start=\"1895\" data-end=\"1960\"><p data-start=\"1897\" data-end=\"1960\">Gestionar solicitudes, consultas o contrataci\u00f3n de servicios.<\/p><\/li><li data-start=\"1961\" data-end=\"2063\"><p data-start=\"1963\" data-end=\"2063\">Enviar comunicaciones informativas y\/o comerciales, siempre con consentimiento previo del usuario.<\/p><\/li><li data-start=\"2064\" data-end=\"2124\"><p data-start=\"2066\" data-end=\"2124\">Mejorar la navegaci\u00f3n y la experiencia de uso en la web.<\/p><\/li><li data-start=\"2125\" data-end=\"2177\"><p data-start=\"2127\" data-end=\"2177\">Cumplir con las obligaciones legales aplicables.<\/p><\/li><\/ul><hr data-start=\"2179\" data-end=\"2182\" \/><h4 data-start=\"2184\" data-end=\"2208\"><strong data-start=\"2187\" data-end=\"2206\">5. Legitimaci\u00f3n<\/strong><\/h4><p data-start=\"2209\" data-end=\"2273\">Las bases legales para el tratamiento de datos personales son:<\/p><ul data-start=\"2275\" data-end=\"2465\"><li data-start=\"2275\" data-end=\"2318\"><p data-start=\"2277\" data-end=\"2318\"><strong data-start=\"2277\" data-end=\"2303\">Consentimiento expreso<\/strong> del usuario.<\/p><\/li><li data-start=\"2319\" data-end=\"2390\"><p data-start=\"2321\" data-end=\"2390\"><strong data-start=\"2321\" data-end=\"2375\">Ejecuci\u00f3n de un contrato o prestaci\u00f3n de servicios<\/strong> solicitados.<\/p><\/li><li data-start=\"2391\" data-end=\"2465\"><p data-start=\"2393\" data-end=\"2465\"><strong data-start=\"2393\" data-end=\"2433\">Cumplimiento de obligaciones legales<\/strong> en Espa\u00f1a y la Uni\u00f3n Europea.<\/p><\/li><\/ul><hr data-start=\"2467\" data-end=\"2470\" \/><h4 data-start=\"2472\" data-end=\"2509\"><strong data-start=\"2475\" data-end=\"2507\">6. Conservaci\u00f3n de los Datos<\/strong><\/h4><p data-start=\"2510\" data-end=\"2662\">Los datos se conservar\u00e1n \u00fanicamente durante el tiempo necesario para cumplir las finalidades indicadas o mientras el usuario no solicite su supresi\u00f3n.<\/p><hr data-start=\"2664\" data-end=\"2667\" \/><h4 data-start=\"2669\" data-end=\"2705\"><strong data-start=\"2672\" data-end=\"2703\">7. Derechos de los Usuarios<\/strong><\/h4><p data-start=\"2706\" data-end=\"2962\">Los usuarios podr\u00e1n ejercer en cualquier momento sus derechos de <strong data-start=\"2771\" data-end=\"2861\">acceso, rectificaci\u00f3n, supresi\u00f3n, oposici\u00f3n, limitaci\u00f3n del tratamiento y portabilidad<\/strong> enviando una solicitud a <strong data-start=\"2887\" data-end=\"2915\"><a class=\"decorated-link cursor-pointer\" rel=\"noopener\" data-start=\"2889\" data-end=\"2913\">dl_legal@espacioruta.com<\/a><\/strong>, junto con un documento de identidad v\u00e1lido.<\/p><p data-start=\"2964\" data-end=\"3139\">Asimismo, los usuarios tienen derecho a presentar una reclamaci\u00f3n ante la <strong data-start=\"3038\" data-end=\"3088\">Agencia Espa\u00f1ola de Protecci\u00f3n de Datos (AEPD)<\/strong> si consideran que se han vulnerado sus derechos.<\/p><hr data-start=\"3141\" data-end=\"3144\" \/><h4 data-start=\"3146\" data-end=\"3180\"><strong data-start=\"3149\" data-end=\"3178\">8. Seguridad de los Datos<\/strong><\/h4><p data-start=\"3181\" data-end=\"3384\"><strong data-start=\"3181\" data-end=\"3196\">EspacioRuta<\/strong> aplica medidas t\u00e9cnicas y organizativas adecuadas para garantizar la seguridad, confidencialidad e integridad de los datos personales, conforme a lo establecido en el RGPD y la LOPDGDD.<\/p><hr data-start=\"3386\" data-end=\"3389\" \/><h4 data-start=\"3391\" data-end=\"3422\"><strong data-start=\"3394\" data-end=\"3420\">9. Pol\u00edtica de Cookies<\/strong><\/h4><p data-start=\"3423\" data-end=\"3573\">Este sitio web utiliza <strong data-start=\"3446\" data-end=\"3479\">cookies propias y de terceros<\/strong> para mejorar la experiencia del usuario, analizar el tr\u00e1fico y personalizar los contenidos.<\/p><p data-start=\"3575\" data-end=\"3609\"><strong data-start=\"3575\" data-end=\"3607\">Tipos de cookies utilizadas:<\/strong><\/p><ul data-start=\"3610\" data-end=\"3861\"><li data-start=\"3610\" data-end=\"3685\"><p data-start=\"3612\" data-end=\"3685\"><strong data-start=\"3612\" data-end=\"3627\">Esenciales:<\/strong> necesarias para el funcionamiento b\u00e1sico del sitio web.<\/p><\/li><li data-start=\"3686\" data-end=\"3769\"><p data-start=\"3688\" data-end=\"3769\"><strong data-start=\"3688\" data-end=\"3703\">Anal\u00edticas:<\/strong> recopilan informaci\u00f3n estad\u00edstica sobre el uso y la navegaci\u00f3n.<\/p><\/li><li data-start=\"3770\" data-end=\"3861\"><p data-start=\"3772\" data-end=\"3861\"><strong data-start=\"3772\" data-end=\"3790\">Publicitarias:<\/strong> muestran anuncios personalizados seg\u00fan las preferencias del usuario.<\/p><\/li><\/ul><p data-start=\"3863\" data-end=\"4012\">El usuario puede <strong data-start=\"3880\" data-end=\"3926\">aceptar, rechazar o configurar las cookies<\/strong> en el banner de consentimiento inicial o mediante la configuraci\u00f3n de su navegador.<\/p><p data-start=\"4014\" data-end=\"4089\">Para m\u00e1s informaci\u00f3n, consulte nuestra <strong data-start=\"4053\" data-end=\"4086\">Pol\u00edtica de Cookies detallada<\/strong>.<\/p><hr data-start=\"4091\" data-end=\"4094\" \/><h4 data-start=\"4096\" data-end=\"4148\"><strong data-start=\"4099\" data-end=\"4146\">10. Jurisdicci\u00f3n y Resoluci\u00f3n de Conflictos<\/strong><\/h4><p data-start=\"4149\" data-end=\"4346\">En caso de controversia, las partes acuerdan someterse a la <strong data-start=\"4209\" data-end=\"4233\">legislaci\u00f3n espa\u00f1ola<\/strong> y a la <strong data-start=\"4241\" data-end=\"4305\">jurisdicci\u00f3n de los juzgados y tribunales de Madrid (Espa\u00f1a)<\/strong>, salvo disposici\u00f3n legal en contrario.<\/p>\t\t\t\t\t\t\t\t<\/div>\n\t\t\t\t<\/div>\n\t\t\t\t\t<\/div>\n\t\t\t\t<\/div>\n\t\t\t\t<\/div>\n\t\t","protected":false},"excerpt":{"rendered":"<p>Pol\u00edtica de privacidad y cookies 1. Responsable del Tratamiento Titular: EspacioRutaCorreo electr\u00f3nico: dl_legal@espacioruta.comSitio web: https:\/\/espacioruta.com 2. Principios Aplicados al Tratamiento de Datos EspacioRuta tratar\u00e1 los datos personales de acuerdo con el Reglamento (UE) 2016\/679 (RGPD) y la Ley Org\u00e1nica 3\/2018 de Protecci\u00f3n de Datos Personales y garant\u00eda de los derechos digitales (LOPDGDD), aplicando los siguientes [&hellip;]<\/p>\n","protected":false},"author":2,"featured_media":0,"parent":0,"menu_order":0,"comment_status":"closed","ping_status":"closed","template":"","meta":{"_joinchat":[],"footnotes":""},"class_list":["post-2309","page","type-page","status-publish","hentry"],"_links":{"self":[{"href":"https:\/\/www.espacioruta.com.nsuzstudio.com\/index.php\/wp-json\/wp\/v2\/pages\/2309","targetHints":{"allow":["GET"]}}],"collection":[{"href":"https:\/\/www.espacioruta.com.nsuzstudio.com\/index.php\/wp-json\/wp\/v2\/pages"}],"about":[{"href":"https:\/\/www.espacioruta.com.nsuzstudio.com\/index.php\/wp-json\/wp\/v2\/types\/page"}],"author":[{"embeddable":true,"href":"https:\/\/www.espacioruta.com.nsuzstudio.com\/index.php\/wp-json\/wp\/v2\/users\/2"}],"replies":[{"embeddable":true,"href":"https:\/\/www.espacioruta.com.nsuzstudio.com\/index.php\/wp-json\/wp\/v2\/comments?post=2309"}],"version-history":[{"count":28,"href":"https:\/\/www.espacioruta.com.nsuzstudio.com\/index.php\/wp-json\/wp\/v2\/pages\/2309\/revisions"}],"predecessor-version":[{"id":2756,"href":"https:\/\/www.espacioruta.com.nsuzstudio.com\/index.php\/wp-json\/wp\/v2\/pages\/2309\/revisions\/2756"}],"wp:attachment":[{"href":"https:\/\/www.espacioruta.com.nsuzstudio.com\/index.php\/wp-json\/wp\/v2\/media?parent=2309"}],"curies":[{"name":"wp","href":"https:\/\/api.w.org\/{rel}","templated":true}]}}