{"id":32,"date":"2023-11-03T05:07:45","date_gmt":"2023-11-03T04:07:45","guid":{"rendered":"https:\/\/steelblue-dotterel-416190.hostingersite.com\/?page_id=32"},"modified":"2025-10-11T19:08:55","modified_gmt":"2025-10-11T17:08:55","slug":"nosotros","status":"publish","type":"page","link":"https:\/\/www.espacioruta.com.nsuzstudio.com\/index.php\/nosotros\/","title":{"rendered":"NOSOTROS"},"content":{"rendered":"\t\t<div data-elementor-type=\"wp-page\" data-elementor-id=\"32\" class=\"elementor elementor-32\" data-elementor-post-type=\"page\">\n\t\t\t\t<div class=\"elementor-element elementor-element-43c6b76 e-flex e-con-boxed e-con e-parent\" data-id=\"43c6b76\" data-element_type=\"container\" data-settings=\"{&quot;background_background&quot;:&quot;classic&quot;}\">\n\t\t\t\t\t<div class=\"e-con-inner\">\n\t\t<div class=\"elementor-element elementor-element-bcd0fb7 e-con-full e-flex e-con e-child\" data-id=\"bcd0fb7\" data-element_type=\"container\">\n\t\t\t\t<div class=\"elementor-element elementor-element-5c8bff4 elementor-widget elementor-widget-heading\" data-id=\"5c8bff4\" data-element_type=\"widget\" data-widget_type=\"heading.default\">\n\t\t\t\t<div class=\"elementor-widget-container\">\n\t\t\t\t\t<h1 class=\"elementor-heading-title elementor-size-default\">Nosotros<\/h1>\t\t\t\t<\/div>\n\t\t\t\t<\/div>\n\t\t\t\t<\/div>\n\t\t\t\t\t<\/div>\n\t\t\t\t<\/div>\n\t\t<div class=\"elementor-element elementor-element-29efdf0 e-grid e-con-boxed e-con e-parent\" data-id=\"29efdf0\" data-element_type=\"container\">\n\t\t\t\t\t<div class=\"e-con-inner\">\n\t\t\t\t<div class=\"elementor-element elementor-element-4f91c35 elementor-widget elementor-widget-text-editor\" data-id=\"4f91c35\" data-element_type=\"widget\" data-widget_type=\"text-editor.default\">\n\t\t\t\t<div class=\"elementor-widget-container\">\n\t\t\t\t\t\t\t\t\t<p data-start=\"212\" data-end=\"228\">\u00a0<\/p><p data-start=\"200\" data-end=\"216\"><strong>Misi\u00f3n<\/strong><\/p><p data-start=\"217\" data-end=\"715\">En <strong data-start=\"272\" data-end=\"287\">EspacioRuta<\/strong>, nuestra misi\u00f3n es transformar la forma de gestionar la movilidad, convirtiendo los coches en activos rentables y generando valor para propietarios, empresas e inversores. Ofrecemos soluciones integrales en alquiler y administraci\u00f3n de coches, gesti\u00f3n de flotas y servicios de movilidad, con el objetivo de maximizar la rentabilidad, garantizar tranquilidad y ofrecer una experiencia de gesti\u00f3n profesional y sin complicaciones. Trabajamos con transparencia, eficiencia e innovaci\u00f3n, asegurando que cada coche est\u00e9 siempre en movimiento y generando beneficios sostenibles.<\/p>\t\t\t\t\t\t\t\t<\/div>\n\t\t\t\t<\/div>\n\t\t\t\t<div class=\"elementor-element elementor-element-320c91b elementor-widget elementor-widget-text-editor\" data-id=\"320c91b\" data-element_type=\"widget\" data-widget_type=\"text-editor.default\">\n\t\t\t\t<div class=\"elementor-widget-container\">\n\t\t\t\t\t\t\t\t\t<p data-start=\"717\" data-end=\"733\"><strong>Visi\u00f3n<\/strong><\/p><p data-start=\"734\" data-end=\"1141\">Ser un referente en Espa\u00f1a en la gesti\u00f3n profesional de coches y flotas, reconocidos por nuestra capacidad de transformar la movilidad en una oportunidad de crecimiento, eficiencia y rentabilidad. Aspiramos a consolidarnos como una marca de confianza que combina tecnolog\u00eda, compromiso y cercan\u00eda para ofrecer soluciones que impulsen la movilidad del futuro y generen valor real para nuestros clientes.<\/p>\t\t\t\t\t\t\t\t<\/div>\n\t\t\t\t<\/div>\n\t\t\t\t\t<\/div>\n\t\t\t\t<\/div>\n\t\t<div class=\"elementor-element elementor-element-2c586ea e-flex e-con-boxed e-con e-parent\" data-id=\"2c586ea\" data-element_type=\"container\">\n\t\t\t\t\t<div class=\"e-con-inner\">\n\t\t\t\t<div class=\"elementor-element elementor-element-13da4c7 elementor-widget elementor-widget-html\" data-id=\"13da4c7\" data-element_type=\"widget\" data-widget_type=\"html.default\">\n\t\t\t\t<div class=\"elementor-widget-container\">\n\t\t\t\t\t<iframe src=\"https:\/\/www.google.com\/maps\/embed?pb=!1m18!1m12!1m3!1d2919.0778773968213!2d-3.716304724132446!3d40.41461957144003!2m3!1f0!2f0!3f0!3m2!1i1024!2i768!4f13.1!3m3!1m2!1s0xd4228779bb0ac77%3A0xe88eb766fcde18b3!2sC.%20de%20Bail%C3%A9n%2C%2012%2C%20Centro%2C%2028005%20Madrid!5e1!3m2!1ses-419!2ses!4v1759233138465!5m2!1ses-419!2ses\" width=\"600\" height=\"450\" style=\"border:0;\" allowfullscreen=\"\" loading=\"lazy\" referrerpolicy=\"no-referrer-when-downgrade\"><\/iframe>\t\t\t\t<\/div>\n\t\t\t\t<\/div>\n\t\t\t\t\t<\/div>\n\t\t\t\t<\/div>\n\t\t<div class=\"elementor-element elementor-element-3d59877 e-grid e-con-full elementor-hidden-mobile e-con e-parent\" data-id=\"3d59877\" data-element_type=\"container\">\n\t\t\t\t<div class=\"elementor-element elementor-element-0c16a1b elementor-widget elementor-widget-image\" data-id=\"0c16a1b\" data-element_type=\"widget\" data-widget_type=\"image.default\">\n\t\t\t\t<div class=\"elementor-widget-container\">\n\t\t\t\t\t\t\t\t\t\t\t\t\t\t\t<img fetchpriority=\"high\" decoding=\"async\" width=\"360\" height=\"603\" src=\"https:\/\/www.espacioruta.com.nsuzstudio.com\/wp-content\/uploads\/2025\/10\/espacioruta_corte_1.png\" class=\"attachment-large size-large wp-image-2724\" alt=\"\" srcset=\"http:\/\/espacioruta.com\/wp-content\/uploads\/2025\/10\/espacioruta_corte_1.png 360w, http:\/\/espacioruta.com\/wp-content\/uploads\/2025\/10\/espacioruta_corte_1-179x300.png 179w\" sizes=\"(max-width: 360px) 100vw, 360px\" \/>\t\t\t\t\t\t\t\t\t\t\t\t\t\t\t<\/div>\n\t\t\t\t<\/div>\n\t\t\t\t<div class=\"elementor-element elementor-element-7842c09 elementor-widget elementor-widget-image\" data-id=\"7842c09\" data-element_type=\"widget\" data-widget_type=\"image.default\">\n\t\t\t\t<div class=\"elementor-widget-container\">\n\t\t\t\t\t\t\t\t\t\t\t\t\t\t\t<img decoding=\"async\" width=\"360\" height=\"603\" src=\"https:\/\/www.espacioruta.com.nsuzstudio.com\/wp-content\/uploads\/2025\/10\/espacioruta_corte_2.png\" class=\"attachment-large size-large wp-image-2725\" alt=\"\" srcset=\"http:\/\/espacioruta.com\/wp-content\/uploads\/2025\/10\/espacioruta_corte_2.png 360w, http:\/\/espacioruta.com\/wp-content\/uploads\/2025\/10\/espacioruta_corte_2-179x300.png 179w\" sizes=\"(max-width: 360px) 100vw, 360px\" \/>\t\t\t\t\t\t\t\t\t\t\t\t\t\t\t<\/div>\n\t\t\t\t<\/div>\n\t\t\t\t<div class=\"elementor-element elementor-element-836819e elementor-widget elementor-widget-image\" data-id=\"836819e\" data-element_type=\"widget\" data-widget_type=\"image.default\">\n\t\t\t\t<div class=\"elementor-widget-container\">\n\t\t\t\t\t\t\t\t\t\t\t\t\t\t\t<img decoding=\"async\" width=\"360\" height=\"603\" src=\"https:\/\/www.espacioruta.com.nsuzstudio.com\/wp-content\/uploads\/2025\/10\/espacioruta_corte_3.png\" class=\"attachment-large size-large wp-image-2726\" alt=\"\" srcset=\"http:\/\/espacioruta.com\/wp-content\/uploads\/2025\/10\/espacioruta_corte_3.png 360w, http:\/\/espacioruta.com\/wp-content\/uploads\/2025\/10\/espacioruta_corte_3-179x300.png 179w\" sizes=\"(max-width: 360px) 100vw, 360px\" \/>\t\t\t\t\t\t\t\t\t\t\t\t\t\t\t<\/div>\n\t\t\t\t<\/div>\n\t\t\t\t<div class=\"elementor-element elementor-element-385fa98 elementor-widget elementor-widget-image\" data-id=\"385fa98\" data-element_type=\"widget\" data-widget_type=\"image.default\">\n\t\t\t\t<div class=\"elementor-widget-container\">\n\t\t\t\t\t\t\t\t\t\t\t\t\t\t\t<img loading=\"lazy\" decoding=\"async\" width=\"360\" height=\"603\" src=\"https:\/\/www.espacioruta.com.nsuzstudio.com\/wp-content\/uploads\/2025\/10\/espacioruta_corte_4.png\" class=\"attachment-large size-large wp-image-2727\" alt=\"\" srcset=\"http:\/\/espacioruta.com\/wp-content\/uploads\/2025\/10\/espacioruta_corte_4.png 360w, http:\/\/espacioruta.com\/wp-content\/uploads\/2025\/10\/espacioruta_corte_4-179x300.png 179w\" sizes=\"(max-width: 360px) 100vw, 360px\" \/>\t\t\t\t\t\t\t\t\t\t\t\t\t\t\t<\/div>\n\t\t\t\t<\/div>\n\t\t\t\t<div class=\"elementor-element elementor-element-ad21e82 elementor-widget elementor-widget-image\" data-id=\"ad21e82\" data-element_type=\"widget\" data-widget_type=\"image.default\">\n\t\t\t\t<div class=\"elementor-widget-container\">\n\t\t\t\t\t\t\t\t\t\t\t\t\t\t\t<img loading=\"lazy\" decoding=\"async\" width=\"360\" height=\"603\" src=\"https:\/\/www.espacioruta.com.nsuzstudio.com\/wp-content\/uploads\/2025\/10\/espacioruta_corte_5.png\" class=\"attachment-large size-large wp-image-2728\" alt=\"\" srcset=\"http:\/\/espacioruta.com\/wp-content\/uploads\/2025\/10\/espacioruta_corte_5.png 360w, http:\/\/espacioruta.com\/wp-content\/uploads\/2025\/10\/espacioruta_corte_5-179x300.png 179w\" sizes=\"(max-width: 360px) 100vw, 360px\" \/>\t\t\t\t\t\t\t\t\t\t\t\t\t\t\t<\/div>\n\t\t\t\t<\/div>\n\t\t\t\t<\/div>\n\t\t\t\t<\/div>\n\t\t","protected":false},"excerpt":{"rendered":"<p>Nosotros \u00a0 Misi\u00f3n En EspacioRuta, nuestra misi\u00f3n es transformar la forma de gestionar la movilidad, convirtiendo los coches en activos rentables y generando valor para propietarios, empresas e inversores. Ofrecemos soluciones integrales en alquiler y administraci\u00f3n de coches, gesti\u00f3n de flotas y servicios de movilidad, con el objetivo de maximizar la rentabilidad, garantizar tranquilidad y [&hellip;]<\/p>\n","protected":false},"author":2,"featured_media":0,"parent":0,"menu_order":0,"comment_status":"closed","ping_status":"closed","template":"","meta":{"_joinchat":[],"footnotes":""},"class_list":["post-32","page","type-page","status-publish","hentry"],"_links":{"self":[{"href":"https:\/\/www.espacioruta.com.nsuzstudio.com\/index.php\/wp-json\/wp\/v2\/pages\/32","targetHints":{"allow":["GET"]}}],"collection":[{"href":"https:\/\/www.espacioruta.com.nsuzstudio.com\/index.php\/wp-json\/wp\/v2\/pages"}],"about":[{"href":"https:\/\/www.espacioruta.com.nsuzstudio.com\/index.php\/wp-json\/wp\/v2\/types\/page"}],"author":[{"embeddable":true,"href":"https:\/\/www.espacioruta.com.nsuzstudio.com\/index.php\/wp-json\/wp\/v2\/users\/2"}],"replies":[{"embeddable":true,"href":"https:\/\/www.espacioruta.com.nsuzstudio.com\/index.php\/wp-json\/wp\/v2\/comments?post=32"}],"version-history":[{"count":143,"href":"https:\/\/www.espacioruta.com.nsuzstudio.com\/index.php\/wp-json\/wp\/v2\/pages\/32\/revisions"}],"predecessor-version":[{"id":2737,"href":"https:\/\/www.espacioruta.com.nsuzstudio.com\/index.php\/wp-json\/wp\/v2\/pages\/32\/revisions\/2737"}],"wp:attachment":[{"href":"https:\/\/www.espacioruta.com.nsuzstudio.com\/index.php\/wp-json\/wp\/v2\/media?parent=32"}],"curies":[{"name":"wp","href":"https:\/\/api.w.org\/{rel}","templated":true}]}}