{"id":387,"date":"2024-07-01T17:28:44","date_gmt":"2024-07-01T21:28:44","guid":{"rendered":"https:\/\/steelblue-dotterel-416190.hostingersite.com\/?page_id=387"},"modified":"2025-10-11T19:28:13","modified_gmt":"2025-10-11T17:28:13","slug":"servicios","status":"publish","type":"page","link":"https:\/\/www.espacioruta.com.nsuzstudio.com\/index.php\/servicios\/","title":{"rendered":"SERVICIOS"},"content":{"rendered":"\t\t<div data-elementor-type=\"wp-page\" data-elementor-id=\"387\" class=\"elementor elementor-387\" data-elementor-post-type=\"page\">\n\t\t\t\t<div class=\"elementor-element elementor-element-0d91c09 e-flex e-con-boxed e-con e-parent\" data-id=\"0d91c09\" data-element_type=\"container\" data-settings=\"{&quot;background_background&quot;:&quot;classic&quot;}\">\n\t\t\t\t\t<div class=\"e-con-inner\">\n\t\t<div class=\"elementor-element elementor-element-068d51d e-con-full e-flex e-con e-child\" data-id=\"068d51d\" data-element_type=\"container\">\n\t\t\t\t<div class=\"elementor-element elementor-element-3771b1a elementor-widget elementor-widget-heading\" data-id=\"3771b1a\" data-element_type=\"widget\" data-widget_type=\"heading.default\">\n\t\t\t\t<div class=\"elementor-widget-container\">\n\t\t\t\t\t<h1 class=\"elementor-heading-title elementor-size-default\">Nuestros Servicios<\/h1>\t\t\t\t<\/div>\n\t\t\t\t<\/div>\n\t\t\t\t<\/div>\n\t\t\t\t\t<\/div>\n\t\t\t\t<\/div>\n\t\t<div class=\"elementor-element elementor-element-9a85bc1 e-flex e-con-boxed e-con e-parent\" data-id=\"9a85bc1\" data-element_type=\"container\">\n\t\t\t\t\t<div class=\"e-con-inner\">\n\t\t\t\t<div class=\"elementor-element elementor-element-5a7989f elementor-widget elementor-widget-text-editor\" data-id=\"5a7989f\" data-element_type=\"widget\" data-widget_type=\"text-editor.default\">\n\t\t\t\t<div class=\"elementor-widget-container\">\n\t\t\t\t\t\t\t\t\t<p>\u00a0<\/p><p data-start=\"253\" data-end=\"361\">En <strong>EspacioRuta <\/strong>transformamos la movilidad y generamos confianza a trav\u00e9s de tres pilares estrat\u00e9gicos:<\/p><ul><li data-start=\"363\" data-end=\"408\"><p><strong>Alquiler y Administraci\u00f3n de Coches:<\/strong> gestionamos coches de forma profesional para ofrecer a particulares, empresas e inversores una rentabilidad constante y sin complicaciones. Nos encargamos de todo el proceso de alquiler, mantenimiento y atenci\u00f3n, garantizando una gesti\u00f3n segura, eficiente y totalmente transparente.<\/p><\/li><li data-start=\"695\" data-end=\"722\"><p><strong>Gesti\u00f3n de Flotas:<\/strong> optimizamos el uso y rendimiento de flotas particulares o corporativas. Nuestro modelo integral permite reducir costes, mejorar la operativa y mantener cada coche siempre disponible y en las mejores condiciones, maximizando su rentabilidad y alargando su vida \u00fatil.<\/p><\/li><li data-start=\"992\" data-end=\"1022\"><p><strong>Servicios Integrales:<\/strong> abarcamos todas las \u00e1reas relacionadas con la movilidad: mantenimiento, asesoramiento, seguros, control operativo y optimizaci\u00f3n de rentabilidad. Ofrecemos soluciones completas y personalizadas que convierten cada coche en un activo rentable y siempre en movimiento.<\/p><\/li><\/ul><p data-start=\"1293\" data-end=\"1612\">En <strong>EspacioRuta <\/strong>unimos experiencia, innovaci\u00f3n y compromiso para ofrecer soluciones de movilidad completas que aportan valor a propietarios, empresas e inversores. Nuestro enfoque est\u00e1 orientado a crear relaciones basadas en la confianza y a transformar cada coche en una oportunidad de crecimiento y rentabilidad.<\/p>\t\t\t\t\t\t\t\t<\/div>\n\t\t\t\t<\/div>\n\t\t\t\t\t<\/div>\n\t\t\t\t<\/div>\n\t\t<div class=\"elementor-element elementor-element-d9a60a8 e-flex e-con-boxed e-con e-parent\" data-id=\"d9a60a8\" data-element_type=\"container\">\n\t\t\t\t\t<div class=\"e-con-inner\">\n\t\t<div class=\"elementor-element elementor-element-4751d35 e-con-full e-flex e-con e-child\" data-id=\"4751d35\" data-element_type=\"container\">\n\t\t\t\t<div class=\"elementor-element elementor-element-76b441d elementor-widget elementor-widget-heading\" data-id=\"76b441d\" data-element_type=\"widget\" data-widget_type=\"heading.default\">\n\t\t\t\t<div class=\"elementor-widget-container\">\n\t\t\t\t\t<h1 class=\"elementor-heading-title elementor-size-default\">Algunas Fotograf\u00edas<\/h1>\t\t\t\t<\/div>\n\t\t\t\t<\/div>\n\t\t\t\t<\/div>\n\t\t\t\t<div class=\"elementor-element elementor-element-420ddee elementor-widget elementor-widget-gallery\" data-id=\"420ddee\" data-element_type=\"widget\" data-settings=\"{&quot;gallery_layout&quot;:&quot;masonry&quot;,&quot;columns&quot;:3,&quot;gap&quot;:{&quot;unit&quot;:&quot;px&quot;,&quot;size&quot;:20,&quot;sizes&quot;:[]},&quot;lazyload&quot;:&quot;yes&quot;,&quot;columns_tablet&quot;:2,&quot;columns_mobile&quot;:1,&quot;gap_tablet&quot;:{&quot;unit&quot;:&quot;px&quot;,&quot;size&quot;:10,&quot;sizes&quot;:[]},&quot;gap_mobile&quot;:{&quot;unit&quot;:&quot;px&quot;,&quot;size&quot;:10,&quot;sizes&quot;:[]},&quot;link_to&quot;:&quot;file&quot;,&quot;overlay_background&quot;:&quot;yes&quot;,&quot;content_hover_animation&quot;:&quot;fade-in&quot;}\" data-widget_type=\"gallery.default\">\n\t\t\t\t<div class=\"elementor-widget-container\">\n\t\t\t\t\t\t\t<div class=\"elementor-gallery__container\">\n\t\t\t\t\t\t\t<a class=\"e-gallery-item elementor-gallery-item elementor-animated-content\" href=\"https:\/\/www.espacioruta.com.nsuzstudio.com\/wp-content\/uploads\/2025\/10\/Sin-titulo-2-006.png\" data-elementor-open-lightbox=\"yes\" data-elementor-lightbox-slideshow=\"420ddee\" data-elementor-lightbox-title=\"Sin-t\u00edtulo-2-006\" data-e-action-hash=\"#elementor-action%3Aaction%3Dlightbox%26settings%3DeyJpZCI6Mjc0NywidXJsIjoiaHR0cHM6XC9cL3d3dy5lc3BhY2lvcnV0YS5jb20ubnN1enN0dWRpby5jb21cL3dwLWNvbnRlbnRcL3VwbG9hZHNcLzIwMjVcLzEwXC9TaW4tdGl0dWxvLTItMDA2LnBuZyIsInNsaWRlc2hvdyI6IjQyMGRkZWUifQ%3D%3D\">\n\t\t\t\t\t<div class=\"e-gallery-image elementor-gallery-item__image\" data-thumbnail=\"https:\/\/www.espacioruta.com.nsuzstudio.com\/wp-content\/uploads\/2025\/10\/Sin-titulo-2-006-300x225.png\" data-width=\"300\" data-height=\"225\" aria-label=\"\" role=\"img\" ><\/div>\n\t\t\t\t\t\t\t\t\t\t\t<div class=\"elementor-gallery-item__overlay\"><\/div>\n\t\t\t\t\t\t\t\t\t\t\t\t\t\t<\/a>\n\t\t\t\t\t\t\t<a class=\"e-gallery-item elementor-gallery-item elementor-animated-content\" href=\"https:\/\/www.espacioruta.com.nsuzstudio.com\/wp-content\/uploads\/2025\/10\/Sin-titulo-2-005.png\" data-elementor-open-lightbox=\"yes\" data-elementor-lightbox-slideshow=\"420ddee\" data-elementor-lightbox-title=\"Sin-t\u00edtulo-2-005\" data-e-action-hash=\"#elementor-action%3Aaction%3Dlightbox%26settings%3DeyJpZCI6Mjc0NiwidXJsIjoiaHR0cHM6XC9cL3d3dy5lc3BhY2lvcnV0YS5jb20ubnN1enN0dWRpby5jb21cL3dwLWNvbnRlbnRcL3VwbG9hZHNcLzIwMjVcLzEwXC9TaW4tdGl0dWxvLTItMDA1LnBuZyIsInNsaWRlc2hvdyI6IjQyMGRkZWUifQ%3D%3D\">\n\t\t\t\t\t<div class=\"e-gallery-image elementor-gallery-item__image\" data-thumbnail=\"https:\/\/www.espacioruta.com.nsuzstudio.com\/wp-content\/uploads\/2025\/10\/Sin-titulo-2-005-300x225.png\" data-width=\"300\" data-height=\"225\" aria-label=\"\" role=\"img\" ><\/div>\n\t\t\t\t\t\t\t\t\t\t\t<div class=\"elementor-gallery-item__overlay\"><\/div>\n\t\t\t\t\t\t\t\t\t\t\t\t\t\t<\/a>\n\t\t\t\t\t\t\t<a class=\"e-gallery-item elementor-gallery-item elementor-animated-content\" href=\"https:\/\/www.espacioruta.com.nsuzstudio.com\/wp-content\/uploads\/2025\/10\/Sin-titulo-2-004.png\" data-elementor-open-lightbox=\"yes\" data-elementor-lightbox-slideshow=\"420ddee\" data-elementor-lightbox-title=\"Sin-t\u00edtulo-2-004\" data-e-action-hash=\"#elementor-action%3Aaction%3Dlightbox%26settings%3DeyJpZCI6Mjc0NSwidXJsIjoiaHR0cHM6XC9cL3d3dy5lc3BhY2lvcnV0YS5jb20ubnN1enN0dWRpby5jb21cL3dwLWNvbnRlbnRcL3VwbG9hZHNcLzIwMjVcLzEwXC9TaW4tdGl0dWxvLTItMDA0LnBuZyIsInNsaWRlc2hvdyI6IjQyMGRkZWUifQ%3D%3D\">\n\t\t\t\t\t<div class=\"e-gallery-image elementor-gallery-item__image\" data-thumbnail=\"https:\/\/www.espacioruta.com.nsuzstudio.com\/wp-content\/uploads\/2025\/10\/Sin-titulo-2-004-300x225.png\" data-width=\"300\" data-height=\"225\" aria-label=\"\" role=\"img\" ><\/div>\n\t\t\t\t\t\t\t\t\t\t\t<div class=\"elementor-gallery-item__overlay\"><\/div>\n\t\t\t\t\t\t\t\t\t\t\t\t\t\t<\/a>\n\t\t\t\t\t\t\t<a class=\"e-gallery-item elementor-gallery-item elementor-animated-content\" href=\"https:\/\/www.espacioruta.com.nsuzstudio.com\/wp-content\/uploads\/2025\/10\/Sin-titulo-2-003.png\" data-elementor-open-lightbox=\"yes\" data-elementor-lightbox-slideshow=\"420ddee\" data-elementor-lightbox-title=\"Sin-t\u00edtulo-2-003\" data-e-action-hash=\"#elementor-action%3Aaction%3Dlightbox%26settings%3DeyJpZCI6Mjc0NCwidXJsIjoiaHR0cHM6XC9cL3d3dy5lc3BhY2lvcnV0YS5jb20ubnN1enN0dWRpby5jb21cL3dwLWNvbnRlbnRcL3VwbG9hZHNcLzIwMjVcLzEwXC9TaW4tdGl0dWxvLTItMDAzLnBuZyIsInNsaWRlc2hvdyI6IjQyMGRkZWUifQ%3D%3D\">\n\t\t\t\t\t<div class=\"e-gallery-image elementor-gallery-item__image\" data-thumbnail=\"https:\/\/www.espacioruta.com.nsuzstudio.com\/wp-content\/uploads\/2025\/10\/Sin-titulo-2-003-300x225.png\" data-width=\"300\" data-height=\"225\" aria-label=\"\" role=\"img\" ><\/div>\n\t\t\t\t\t\t\t\t\t\t\t<div class=\"elementor-gallery-item__overlay\"><\/div>\n\t\t\t\t\t\t\t\t\t\t\t\t\t\t<\/a>\n\t\t\t\t\t\t\t<a class=\"e-gallery-item elementor-gallery-item elementor-animated-content\" href=\"https:\/\/www.espacioruta.com.nsuzstudio.com\/wp-content\/uploads\/2025\/10\/Sin-titulo-2-002.png\" data-elementor-open-lightbox=\"yes\" data-elementor-lightbox-slideshow=\"420ddee\" data-elementor-lightbox-title=\"Sin-t\u00edtulo-2-002\" data-e-action-hash=\"#elementor-action%3Aaction%3Dlightbox%26settings%3DeyJpZCI6Mjc0MywidXJsIjoiaHR0cHM6XC9cL3d3dy5lc3BhY2lvcnV0YS5jb20ubnN1enN0dWRpby5jb21cL3dwLWNvbnRlbnRcL3VwbG9hZHNcLzIwMjVcLzEwXC9TaW4tdGl0dWxvLTItMDAyLnBuZyIsInNsaWRlc2hvdyI6IjQyMGRkZWUifQ%3D%3D\">\n\t\t\t\t\t<div class=\"e-gallery-image elementor-gallery-item__image\" data-thumbnail=\"https:\/\/www.espacioruta.com.nsuzstudio.com\/wp-content\/uploads\/2025\/10\/Sin-titulo-2-002-300x225.png\" data-width=\"300\" data-height=\"225\" aria-label=\"\" role=\"img\" ><\/div>\n\t\t\t\t\t\t\t\t\t\t\t<div class=\"elementor-gallery-item__overlay\"><\/div>\n\t\t\t\t\t\t\t\t\t\t\t\t\t\t<\/a>\n\t\t\t\t\t\t\t<a class=\"e-gallery-item elementor-gallery-item elementor-animated-content\" href=\"https:\/\/www.espacioruta.com.nsuzstudio.com\/wp-content\/uploads\/2025\/10\/Sin-titulo-2-001.png\" data-elementor-open-lightbox=\"yes\" data-elementor-lightbox-slideshow=\"420ddee\" data-elementor-lightbox-title=\"Sin-t\u00edtulo-2-001\" data-e-action-hash=\"#elementor-action%3Aaction%3Dlightbox%26settings%3DeyJpZCI6Mjc0MiwidXJsIjoiaHR0cHM6XC9cL3d3dy5lc3BhY2lvcnV0YS5jb20ubnN1enN0dWRpby5jb21cL3dwLWNvbnRlbnRcL3VwbG9hZHNcLzIwMjVcLzEwXC9TaW4tdGl0dWxvLTItMDAxLnBuZyIsInNsaWRlc2hvdyI6IjQyMGRkZWUifQ%3D%3D\">\n\t\t\t\t\t<div class=\"e-gallery-image elementor-gallery-item__image\" data-thumbnail=\"https:\/\/www.espacioruta.com.nsuzstudio.com\/wp-content\/uploads\/2025\/10\/Sin-titulo-2-001-300x225.png\" data-width=\"300\" data-height=\"225\" aria-label=\"\" role=\"img\" ><\/div>\n\t\t\t\t\t\t\t\t\t\t\t<div class=\"elementor-gallery-item__overlay\"><\/div>\n\t\t\t\t\t\t\t\t\t\t\t\t\t\t<\/a>\n\t\t\t\t\t<\/div>\n\t\t\t\t\t<\/div>\n\t\t\t\t<\/div>\n\t\t\t\t<div class=\"elementor-element elementor-element-f0abe38 elementor-widget elementor-widget-gallery\" data-id=\"f0abe38\" data-element_type=\"widget\" data-settings=\"{&quot;gallery_layout&quot;:&quot;masonry&quot;,&quot;gap&quot;:{&quot;unit&quot;:&quot;px&quot;,&quot;size&quot;:20,&quot;sizes&quot;:[]},&quot;columns&quot;:3,&quot;columns_tablet&quot;:2,&quot;columns_mobile&quot;:1,&quot;gap_tablet&quot;:{&quot;unit&quot;:&quot;px&quot;,&quot;size&quot;:10,&quot;sizes&quot;:[]},&quot;gap_mobile&quot;:{&quot;unit&quot;:&quot;px&quot;,&quot;size&quot;:10,&quot;sizes&quot;:[]},&quot;link_to&quot;:&quot;file&quot;,&quot;overlay_background&quot;:&quot;yes&quot;,&quot;content_hover_animation&quot;:&quot;fade-in&quot;}\" data-widget_type=\"gallery.default\">\n\t\t\t\t<div class=\"elementor-widget-container\">\n\t\t\t\t\t\t\t<div class=\"elementor-gallery__container\">\n\t\t\t\t\t<\/div>\n\t\t\t\t\t<\/div>\n\t\t\t\t<\/div>\n\t\t\t\t\t<\/div>\n\t\t\t\t<\/div>\n\t\t<div class=\"elementor-element elementor-element-c64a1e6 e-flex e-con-boxed e-con e-parent\" data-id=\"c64a1e6\" data-element_type=\"container\">\n\t\t\t\t\t<div class=\"e-con-inner\">\n\t\t\t\t<div class=\"elementor-element elementor-element-d91d05e elementor-widget elementor-widget-html\" data-id=\"d91d05e\" data-element_type=\"widget\" data-widget_type=\"html.default\">\n\t\t\t\t<div class=\"elementor-widget-container\">\n\t\t\t\t\t<iframe src=\"https:\/\/www.google.com\/maps\/embed?pb=!1m18!1m12!1m3!1d2919.0778773968213!2d-3.716304724132446!3d40.41461957144003!2m3!1f0!2f0!3f0!3m2!1i1024!2i768!4f13.1!3m3!1m2!1s0xd4228779bb0ac77%3A0xe88eb766fcde18b3!2sC.%20de%20Bail%C3%A9n%2C%2012%2C%20Centro%2C%2028005%20Madrid!5e1!3m2!1ses-419!2ses!4v1759233138465!5m2!1ses-419!2ses\" width=\"600\" height=\"450\" style=\"border:0;\" allowfullscreen=\"\" loading=\"lazy\" referrerpolicy=\"no-referrer-when-downgrade\"><\/iframe>\t\t\t\t<\/div>\n\t\t\t\t<\/div>\n\t\t\t\t\t<\/div>\n\t\t\t\t<\/div>\n\t\t<div class=\"elementor-element elementor-element-546feaf e-grid e-con-full elementor-hidden-mobile e-con e-parent\" data-id=\"546feaf\" data-element_type=\"container\">\n\t\t\t\t<div class=\"elementor-element elementor-element-00c357c elementor-widget elementor-widget-image\" data-id=\"00c357c\" data-element_type=\"widget\" data-widget_type=\"image.default\">\n\t\t\t\t<div class=\"elementor-widget-container\">\n\t\t\t\t\t\t\t\t\t\t\t\t\t\t\t<img fetchpriority=\"high\" decoding=\"async\" width=\"360\" height=\"603\" src=\"https:\/\/www.espacioruta.com.nsuzstudio.com\/wp-content\/uploads\/2025\/10\/espacioruta_corte_1.png\" class=\"attachment-large size-large wp-image-2724\" alt=\"\" srcset=\"http:\/\/espacioruta.com\/wp-content\/uploads\/2025\/10\/espacioruta_corte_1.png 360w, http:\/\/espacioruta.com\/wp-content\/uploads\/2025\/10\/espacioruta_corte_1-179x300.png 179w\" sizes=\"(max-width: 360px) 100vw, 360px\" \/>\t\t\t\t\t\t\t\t\t\t\t\t\t\t\t<\/div>\n\t\t\t\t<\/div>\n\t\t\t\t<div class=\"elementor-element elementor-element-42bdbc2 elementor-widget elementor-widget-image\" data-id=\"42bdbc2\" data-element_type=\"widget\" data-widget_type=\"image.default\">\n\t\t\t\t<div class=\"elementor-widget-container\">\n\t\t\t\t\t\t\t\t\t\t\t\t\t\t\t<img decoding=\"async\" width=\"360\" height=\"603\" src=\"https:\/\/www.espacioruta.com.nsuzstudio.com\/wp-content\/uploads\/2025\/10\/espacioruta_corte_2.png\" class=\"attachment-large size-large wp-image-2725\" alt=\"\" srcset=\"http:\/\/espacioruta.com\/wp-content\/uploads\/2025\/10\/espacioruta_corte_2.png 360w, http:\/\/espacioruta.com\/wp-content\/uploads\/2025\/10\/espacioruta_corte_2-179x300.png 179w\" sizes=\"(max-width: 360px) 100vw, 360px\" \/>\t\t\t\t\t\t\t\t\t\t\t\t\t\t\t<\/div>\n\t\t\t\t<\/div>\n\t\t\t\t<div class=\"elementor-element elementor-element-1b63fcb elementor-widget elementor-widget-image\" data-id=\"1b63fcb\" data-element_type=\"widget\" data-widget_type=\"image.default\">\n\t\t\t\t<div class=\"elementor-widget-container\">\n\t\t\t\t\t\t\t\t\t\t\t\t\t\t\t<img decoding=\"async\" width=\"360\" height=\"603\" src=\"https:\/\/www.espacioruta.com.nsuzstudio.com\/wp-content\/uploads\/2025\/10\/espacioruta_corte_3.png\" class=\"attachment-large size-large wp-image-2726\" alt=\"\" srcset=\"http:\/\/espacioruta.com\/wp-content\/uploads\/2025\/10\/espacioruta_corte_3.png 360w, http:\/\/espacioruta.com\/wp-content\/uploads\/2025\/10\/espacioruta_corte_3-179x300.png 179w\" sizes=\"(max-width: 360px) 100vw, 360px\" \/>\t\t\t\t\t\t\t\t\t\t\t\t\t\t\t<\/div>\n\t\t\t\t<\/div>\n\t\t\t\t<div class=\"elementor-element elementor-element-cf38932 elementor-widget elementor-widget-image\" data-id=\"cf38932\" data-element_type=\"widget\" data-widget_type=\"image.default\">\n\t\t\t\t<div class=\"elementor-widget-container\">\n\t\t\t\t\t\t\t\t\t\t\t\t\t\t\t<img loading=\"lazy\" decoding=\"async\" width=\"360\" height=\"603\" src=\"https:\/\/www.espacioruta.com.nsuzstudio.com\/wp-content\/uploads\/2025\/10\/espacioruta_corte_4.png\" class=\"attachment-large size-large wp-image-2727\" alt=\"\" srcset=\"http:\/\/espacioruta.com\/wp-content\/uploads\/2025\/10\/espacioruta_corte_4.png 360w, http:\/\/espacioruta.com\/wp-content\/uploads\/2025\/10\/espacioruta_corte_4-179x300.png 179w\" sizes=\"(max-width: 360px) 100vw, 360px\" \/>\t\t\t\t\t\t\t\t\t\t\t\t\t\t\t<\/div>\n\t\t\t\t<\/div>\n\t\t\t\t<div class=\"elementor-element elementor-element-8494fea elementor-widget elementor-widget-image\" data-id=\"8494fea\" data-element_type=\"widget\" data-widget_type=\"image.default\">\n\t\t\t\t<div class=\"elementor-widget-container\">\n\t\t\t\t\t\t\t\t\t\t\t\t\t\t\t<img loading=\"lazy\" decoding=\"async\" width=\"360\" height=\"603\" src=\"https:\/\/www.espacioruta.com.nsuzstudio.com\/wp-content\/uploads\/2025\/10\/espacioruta_corte_5.png\" class=\"attachment-large size-large wp-image-2728\" alt=\"\" srcset=\"http:\/\/espacioruta.com\/wp-content\/uploads\/2025\/10\/espacioruta_corte_5.png 360w, http:\/\/espacioruta.com\/wp-content\/uploads\/2025\/10\/espacioruta_corte_5-179x300.png 179w\" sizes=\"(max-width: 360px) 100vw, 360px\" \/>\t\t\t\t\t\t\t\t\t\t\t\t\t\t\t<\/div>\n\t\t\t\t<\/div>\n\t\t\t\t<\/div>\n\t\t\t\t<\/div>\n\t\t","protected":false},"excerpt":{"rendered":"<p>Nuestros Servicios \u00a0 En EspacioRuta transformamos la movilidad y generamos confianza a trav\u00e9s de tres pilares estrat\u00e9gicos: Alquiler y Administraci\u00f3n de Coches: gestionamos coches de forma profesional para ofrecer a particulares, empresas e inversores una rentabilidad constante y sin complicaciones. Nos encargamos de todo el proceso de alquiler, mantenimiento y atenci\u00f3n, garantizando una gesti\u00f3n segura, [&hellip;]<\/p>\n","protected":false},"author":2,"featured_media":0,"parent":0,"menu_order":0,"comment_status":"closed","ping_status":"closed","template":"","meta":{"_joinchat":[],"footnotes":""},"class_list":["post-387","page","type-page","status-publish","hentry"],"_links":{"self":[{"href":"https:\/\/www.espacioruta.com.nsuzstudio.com\/index.php\/wp-json\/wp\/v2\/pages\/387","targetHints":{"allow":["GET"]}}],"collection":[{"href":"https:\/\/www.espacioruta.com.nsuzstudio.com\/index.php\/wp-json\/wp\/v2\/pages"}],"about":[{"href":"https:\/\/www.espacioruta.com.nsuzstudio.com\/index.php\/wp-json\/wp\/v2\/types\/page"}],"author":[{"embeddable":true,"href":"https:\/\/www.espacioruta.com.nsuzstudio.com\/index.php\/wp-json\/wp\/v2\/users\/2"}],"replies":[{"embeddable":true,"href":"https:\/\/www.espacioruta.com.nsuzstudio.com\/index.php\/wp-json\/wp\/v2\/comments?post=387"}],"version-history":[{"count":186,"href":"https:\/\/www.espacioruta.com.nsuzstudio.com\/index.php\/wp-json\/wp\/v2\/pages\/387\/revisions"}],"predecessor-version":[{"id":2750,"href":"https:\/\/www.espacioruta.com.nsuzstudio.com\/index.php\/wp-json\/wp\/v2\/pages\/387\/revisions\/2750"}],"wp:attachment":[{"href":"https:\/\/www.espacioruta.com.nsuzstudio.com\/index.php\/wp-json\/wp\/v2\/media?parent=387"}],"curies":[{"name":"wp","href":"https:\/\/api.w.org\/{rel}","templated":true}]}}